{"id":7314,"date":"2024-11-21T02:50:17","date_gmt":"2024-11-21T02:50:17","guid":{"rendered":"https:\/\/palicachem.com\/tetrabromethan-tbe\/"},"modified":"2025-10-17T06:02:53","modified_gmt":"2025-10-17T06:02:53","slug":"tetrabromethan-tbe","status":"publish","type":"page","link":"https:\/\/palicachem.com\/de\/tetrabromethan-tbe\/","title":{"rendered":"Tetrabromethan (TBE)"},"content":{"rendered":"\t\t<div data-elementor-type=\"wp-page\" data-elementor-id=\"7314\" class=\"elementor elementor-7314 elementor-4519\" data-elementor-post-type=\"page\">\n\t\t\t\t\t\t<section class=\"elementor-section elementor-top-section elementor-element elementor-element-9b7f67d elementor-section-boxed elementor-section-height-default elementor-section-height-default\" data-id=\"9b7f67d\" data-element_type=\"section\">\n\t\t\t\t\t\t<div class=\"elementor-container elementor-column-gap-default\">\n\t\t\t\t\t<div class=\"elementor-column elementor-col-100 elementor-top-column elementor-element elementor-element-b80210a\" data-id=\"b80210a\" data-element_type=\"column\">\n\t\t\t<div class=\"elementor-widget-wrap elementor-element-populated\">\n\t\t\t\t\t\t<div class=\"elementor-element elementor-element-24e4780 elementor-widget elementor-widget-heading\" data-id=\"24e4780\" data-element_type=\"widget\" data-widget_type=\"heading.default\">\n\t\t\t\t\t<h2 class=\"elementor-heading-title elementor-size-default\">Tetrabromethan (TBE)<\/h2>\t\t\t\t<\/div>\n\t\t\t\t<div class=\"elementor-element elementor-element-1d5cd50 elementor-widget-divider--view-line elementor-widget elementor-widget-divider\" data-id=\"1d5cd50\" data-element_type=\"widget\" data-widget_type=\"divider.default\">\n\t\t\t\t\t\t\t<div class=\"elementor-divider\">\n\t\t\t<span class=\"elementor-divider-separator\">\n\t\t\t\t\t\t<\/span>\n\t\t<\/div>\n\t\t\t\t\t\t<\/div>\n\t\t\t\t\t<\/div>\n\t\t<\/div>\n\t\t\t\t\t<\/div>\n\t\t<\/section>\n\t\t\t\t<section class=\"elementor-section elementor-top-section elementor-element elementor-element-3c680ba elementor-section-boxed elementor-section-height-default elementor-section-height-default\" data-id=\"3c680ba\" data-element_type=\"section\">\n\t\t\t\t\t\t<div class=\"elementor-container elementor-column-gap-default\">\n\t\t\t\t\t<div class=\"elementor-column elementor-col-33 elementor-top-column elementor-element elementor-element-98c550a\" data-id=\"98c550a\" data-element_type=\"column\">\n\t\t\t<div class=\"elementor-widget-wrap elementor-element-populated\">\n\t\t\t\t\t\t<div class=\"elementor-element elementor-element-e42f288 elementor-widget elementor-widget-image\" data-id=\"e42f288\" data-element_type=\"widget\" data-widget_type=\"image.default\">\n\t\t\t\t\t\t\t\t\t\t\t\t\t\t\t<img fetchpriority=\"high\" decoding=\"async\" width=\"768\" height=\"459\" src=\"https:\/\/palicachem.com\/wp-content\/uploads\/2024\/11\/high-density-768x459.webp\" class=\"attachment-medium_large size-medium_large wp-image-7317\" alt=\"\" srcset=\"https:\/\/palicachem.com\/wp-content\/uploads\/2024\/11\/high-density-768x459.webp 768w, https:\/\/palicachem.com\/wp-content\/uploads\/2024\/11\/high-density-300x179.webp 300w, https:\/\/palicachem.com\/wp-content\/uploads\/2024\/11\/high-density-1024x612.webp 1024w, https:\/\/palicachem.com\/wp-content\/uploads\/2024\/11\/high-density-100x60.webp 100w, https:\/\/palicachem.com\/wp-content\/uploads\/2024\/11\/high-density-64x38.webp 64w, https:\/\/palicachem.com\/wp-content\/uploads\/2024\/11\/high-density.webp 1280w\" sizes=\"(max-width: 768px) 100vw, 768px\" \/>\t\t\t\t\t\t\t\t\t\t\t\t\t\t\t<\/div>\n\t\t\t\t\t<\/div>\n\t\t<\/div>\n\t\t\t\t<div class=\"elementor-column elementor-col-33 elementor-top-column elementor-element elementor-element-e4ef953\" data-id=\"e4ef953\" data-element_type=\"column\">\n\t\t\t<div class=\"elementor-widget-wrap elementor-element-populated\">\n\t\t\t\t\t\t<section class=\"elementor-section elementor-inner-section elementor-element elementor-element-fb71c7f elementor-section-boxed elementor-section-height-default elementor-section-height-default\" data-id=\"fb71c7f\" data-element_type=\"section\">\n\t\t\t\t\t\t<div class=\"elementor-container elementor-column-gap-default\">\n\t\t\t\t\t<div class=\"elementor-column elementor-col-50 elementor-inner-column elementor-element elementor-element-8bcdc12\" data-id=\"8bcdc12\" data-element_type=\"column\">\n\t\t\t<div class=\"elementor-widget-wrap elementor-element-populated\">\n\t\t\t\t\t\t<div class=\"elementor-element elementor-element-5605484 elementor-widget elementor-widget-heading\" data-id=\"5605484\" data-element_type=\"widget\" data-widget_type=\"heading.default\">\n\t\t\t\t\t<h1 class=\"elementor-heading-title elementor-size-default\">CAS 79-27-6<\/h1>\t\t\t\t<\/div>\n\t\t\t\t\t<\/div>\n\t\t<\/div>\n\t\t\t\t<div class=\"elementor-column elementor-col-50 elementor-inner-column elementor-element elementor-element-6fd6016\" data-id=\"6fd6016\" data-element_type=\"column\">\n\t\t\t<div class=\"elementor-widget-wrap elementor-element-populated\">\n\t\t\t\t\t\t<div class=\"elementor-element elementor-element-af31f32 elementor-widget elementor-widget-text-editor\" data-id=\"af31f32\" data-element_type=\"widget\" data-widget_type=\"text-editor.default\">\n\t\t\t\t\t\t\t\t\t<p><strong>Farblose Fl\u00fcssigkeit<\/strong><\/p>\t\t\t\t\t\t\t\t<\/div>\n\t\t\t\t\t<\/div>\n\t\t<\/div>\n\t\t\t\t\t<\/div>\n\t\t<\/section>\n\t\t\t\t<div class=\"elementor-element elementor-element-c61c680 elementor-widget elementor-widget-text-editor\" data-id=\"c61c680\" data-element_type=\"widget\" data-widget_type=\"text-editor.default\">\n\t\t\t\t\t\t\t\t\t<p>1,1,2,2-Tetrabromethan (TBE) wird \u00fcberwiegend als schwere Fl\u00fcssigkeit bei der Dichtetrennung von Mineralien eingesetzt. Mit seinem hohen spezifischen Gewicht (2,967 g\/mL) erm\u00f6glicht TBE die schnelle und pr\u00e4zise Trennung verschiedener Erze, geologischer Proben und Kohle, was f\u00fcr die Qualit\u00e4tskontrolle und Laboranalyse entscheidend ist. <\/p>\t\t\t\t\t\t\t\t<\/div>\n\t\t\t\t\t<\/div>\n\t\t<\/div>\n\t\t\t\t<div class=\"elementor-column elementor-col-33 elementor-top-column elementor-element elementor-element-b3605fb\" data-id=\"b3605fb\" data-element_type=\"column\">\n\t\t\t<div class=\"elementor-widget-wrap elementor-element-populated\">\n\t\t\t\t\t\t<div class=\"elementor-element elementor-element-7a47c61 elementor-widget elementor-widget-heading\" data-id=\"7a47c61\" data-element_type=\"widget\" data-widget_type=\"heading.default\">\n\t\t\t\t\t<p class=\"elementor-heading-title elementor-size-default\">MSDS<\/p>\t\t\t\t<\/div>\n\t\t\t\t\t<\/div>\n\t\t<\/div>\n\t\t\t\t\t<\/div>\n\t\t<\/section>\n\t\t\t\t<section class=\"elementor-section elementor-top-section elementor-element elementor-element-ba92d31 elementor-section-content-middle elementor-section-boxed elementor-section-height-default elementor-section-height-default\" data-id=\"ba92d31\" data-element_type=\"section\">\n\t\t\t\t\t\t<div class=\"elementor-container elementor-column-gap-no\">\n\t\t\t\t\t<div class=\"elementor-column elementor-col-100 elementor-top-column elementor-element elementor-element-a8a4e4b\" data-id=\"a8a4e4b\" data-element_type=\"column\">\n\t\t\t<div class=\"elementor-widget-wrap elementor-element-populated\">\n\t\t\t\t\t\t<div class=\"elementor-element elementor-element-f36905c elementor-widget elementor-widget-heading\" data-id=\"f36905c\" data-element_type=\"widget\" data-widget_type=\"heading.default\">\n\t\t\t\t\t<h4 class=\"elementor-heading-title elementor-size-default\">Verpackung<\/h4>\t\t\t\t<\/div>\n\t\t\t\t<section class=\"elementor-section elementor-inner-section elementor-element elementor-element-8755c5b elementor-section-boxed elementor-section-height-default elementor-section-height-default\" data-id=\"8755c5b\" data-element_type=\"section\">\n\t\t\t\t\t\t<div class=\"elementor-container elementor-column-gap-default\">\n\t\t\t\t\t<div class=\"elementor-column elementor-col-100 elementor-inner-column elementor-element elementor-element-a8cfe1b\" data-id=\"a8cfe1b\" data-element_type=\"column\">\n\t\t\t<div class=\"elementor-widget-wrap elementor-element-populated\">\n\t\t\t\t\t\t<div class=\"elementor-element elementor-element-4c0d24c elementor-widget elementor-widget-image\" data-id=\"4c0d24c\" data-element_type=\"widget\" data-widget_type=\"image.default\">\n\t\t\t\t\t\t\t\t\t\t\t\t<figure class=\"wp-caption\">\n\t\t\t\t\t\t\t\t\t\t<img decoding=\"async\" width=\"500\" height=\"500\" src=\"https:\/\/palicachem.com\/wp-content\/uploads\/2024\/11\/60L-DRUM.jpg\" class=\"attachment-large size-large wp-image-7315\" alt=\"\" srcset=\"https:\/\/palicachem.com\/wp-content\/uploads\/2024\/11\/60L-DRUM.jpg 500w, https:\/\/palicachem.com\/wp-content\/uploads\/2024\/11\/60L-DRUM-300x300.jpg 300w, https:\/\/palicachem.com\/wp-content\/uploads\/2024\/11\/60L-DRUM-150x150.jpg 150w, https:\/\/palicachem.com\/wp-content\/uploads\/2024\/11\/60L-DRUM-100x100.jpg 100w, https:\/\/palicachem.com\/wp-content\/uploads\/2024\/11\/60L-DRUM-64x64.jpg 64w\" sizes=\"(max-width: 500px) 100vw, 500px\" \/>\t\t\t\t\t\t\t\t\t\t\t<figcaption class=\"widget-image-caption wp-caption-text\">60-Liter-Fass<\/figcaption>\n\t\t\t\t\t\t\t\t\t\t<\/figure>\n\t\t\t\t\t\t\t\t\t<\/div>\n\t\t\t\t\t<\/div>\n\t\t<\/div>\n\t\t\t\t\t<\/div>\n\t\t<\/section>\n\t\t\t\t\t<\/div>\n\t\t<\/div>\n\t\t\t\t\t<\/div>\n\t\t<\/section>\n\t\t\t\t<section class=\"elementor-section elementor-top-section elementor-element elementor-element-1dc99a2 elementor-section-boxed elementor-section-height-default elementor-section-height-default elementor-invisible\" data-id=\"1dc99a2\" data-element_type=\"section\" data-settings=\"{&quot;animation&quot;:&quot;fadeInDown&quot;}\">\n\t\t\t\t\t\t<div class=\"elementor-container elementor-column-gap-default\">\n\t\t\t\t\t<div class=\"elementor-column elementor-col-100 elementor-top-column elementor-element elementor-element-8ae2730\" data-id=\"8ae2730\" data-element_type=\"column\">\n\t\t\t<div class=\"elementor-widget-wrap elementor-element-populated\">\n\t\t\t\t\t\t<div class=\"elementor-element elementor-element-cc0722b elementor-widget elementor-widget-heading\" data-id=\"cc0722b\" data-element_type=\"widget\" data-widget_type=\"heading.default\">\n\t\t\t\t\t<h4 class=\"elementor-heading-title elementor-size-default\">Ein vertrauensw\u00fcrdiger Lieferant von Tetrabromethan<\/h4>\t\t\t\t<\/div>\n\t\t\t\t<div class=\"elementor-element elementor-element-0de5969 elementor-widget elementor-widget-text-editor\" data-id=\"0de5969\" data-element_type=\"widget\" data-widget_type=\"text-editor.default\">\n\t\t\t\t\t\t\t\t\t<p>gew\u00e4hrleisten wir h\u00f6chste Produktqualit\u00e4t, p\u00fcnktliche Lieferung und wettbewerbsf\u00e4hige Preise. Unsere Produkte werden strengen Qualit\u00e4tskontrollen unterzogen und entsprechen den internationalen Standards. <\/p>\t\t\t\t\t\t\t\t<\/div>\n\t\t\t\t<div class=\"elementor-element elementor-element-a98bf6d elementor-align-center elementor-widget elementor-widget-button\" data-id=\"a98bf6d\" data-element_type=\"widget\" data-widget_type=\"button.default\">\n\t\t\t\t\t\t\t\t\t\t<a class=\"elementor-button elementor-button-link elementor-size-sm elementor-animation-grow\" href=\"mailto:info@palica.com.cn\">\n\t\t\t\t\t\t<span class=\"elementor-button-content-wrapper\">\n\t\t\t\t\t\t\t\t\t<span class=\"elementor-button-text\">Mailen Sie uns f\u00fcr weitere Details<\/span>\n\t\t\t\t\t<\/span>\n\t\t\t\t\t<\/a>\n\t\t\t\t\t\t\t\t<\/div>\n\t\t\t\t\t<\/div>\n\t\t<\/div>\n\t\t\t\t\t<\/div>\n\t\t<\/section>\n\t\t\t\t<section class=\"elementor-section elementor-top-section elementor-element elementor-element-fd350dc elementor-section-boxed elementor-section-height-default elementor-section-height-default\" data-id=\"fd350dc\" data-element_type=\"section\">\n\t\t\t\t\t\t<div class=\"elementor-container elementor-column-gap-default\">\n\t\t\t\t\t<div class=\"elementor-column elementor-col-100 elementor-top-column elementor-element elementor-element-cc22ff0\" data-id=\"cc22ff0\" data-element_type=\"column\">\n\t\t\t<div class=\"elementor-widget-wrap elementor-element-populated\">\n\t\t\t\t\t\t<div class=\"elementor-element elementor-element-9bf26f5 elementor-widget elementor-widget-menu-anchor\" data-id=\"9bf26f5\" data-element_type=\"widget\" data-widget_type=\"menu-anchor.default\">\n\t\t\t\t\t\t\t<div class=\"elementor-menu-anchor\" id=\"tht-quote\"><\/div>\n\t\t\t\t\t\t<\/div>\n\t\t\t\t<div class=\"elementor-element elementor-element-c288412 elementor-widget elementor-widget-heading\" data-id=\"c288412\" data-element_type=\"widget\" data-widget_type=\"heading.default\">\n\t\t\t\t\t<h1 class=\"elementor-heading-title elementor-size-default\">Jetzt ein Angebot einholen<\/h1>\t\t\t\t<\/div>\n\t\t\t\t<div class=\"elementor-element elementor-element-f699093 elementor-button-align-stretch elementor-widget elementor-widget-form\" data-id=\"f699093\" data-element_type=\"widget\" data-settings=\"{&quot;step_next_label&quot;:&quot;Weiter&quot;,&quot;step_previous_label&quot;:&quot;Vorherige&quot;,&quot;step_type&quot;:&quot;number_text&quot;,&quot;step_icon_shape&quot;:&quot;circle&quot;}\" data-widget_type=\"form.default\">\n\t\t\t\t\t\t\t<form class=\"elementor-form\" method=\"post\" name=\"Anfrage-Formular\" aria-label=\"Anfrage-Formular\">\n\t\t\t<input type=\"hidden\" name=\"post_id\" value=\"7314\"\/>\n\t\t\t<input type=\"hidden\" name=\"form_id\" value=\"f699093\"\/>\n\t\t\t<input type=\"hidden\" name=\"referer_title\" value=\"Tetrabromethan (TBE) China Lieferant &bull; Palica Chem\" \/>\n\n\t\t\t\t\t\t\t<input type=\"hidden\" name=\"queried_id\" value=\"7314\"\/>\n\t\t\t\n\t\t\t<div class=\"elementor-form-fields-wrapper elementor-labels-above\">\n\t\t\t\t\t\t\t\t<div class=\"elementor-field-type-text elementor-field-group elementor-column elementor-field-group-name elementor-col-50 elementor-field-required elementor-mark-required\">\n\t\t\t\t\t\t\t\t\t\t\t\t<label for=\"form-field-name\" class=\"elementor-field-label\">\n\t\t\t\t\t\t\t\tName\t\t\t\t\t\t\t<\/label>\n\t\t\t\t\t\t\t\t\t\t\t\t\t\t<input size=\"1\" type=\"text\" name=\"form_fields[name]\" id=\"form-field-name\" class=\"elementor-field elementor-size-xs  elementor-field-textual\" required=\"required\">\n\t\t\t\t\t\t\t\t\t\t\t<\/div>\n\t\t\t\t\t\t\t\t<div class=\"elementor-field-type-email elementor-field-group elementor-column elementor-field-group-email elementor-col-50 elementor-field-required elementor-mark-required\">\n\t\t\t\t\t\t\t\t\t\t\t\t<label for=\"form-field-email\" class=\"elementor-field-label\">\n\t\t\t\t\t\t\t\tE-Mail\t\t\t\t\t\t\t<\/label>\n\t\t\t\t\t\t\t\t\t\t\t\t\t\t<input size=\"1\" type=\"email\" name=\"form_fields[email]\" id=\"form-field-email\" class=\"elementor-field elementor-size-xs  elementor-field-textual\" required=\"required\">\n\t\t\t\t\t\t\t\t\t\t\t<\/div>\n\t\t\t\t\t\t\t\t<div class=\"elementor-field-type-textarea elementor-field-group elementor-column elementor-field-group-message elementor-col-100 elementor-field-required elementor-mark-required\">\n\t\t\t\t\t\t\t\t\t\t\t\t<label for=\"form-field-message\" class=\"elementor-field-label\">\n\t\t\t\t\t\t\t\tAnfrage\t\t\t\t\t\t\t<\/label>\n\t\t\t\t\t\t<textarea class=\"elementor-field-textual elementor-field  elementor-size-xs\" name=\"form_fields[message]\" id=\"form-field-message\" rows=\"6\" required=\"required\"><\/textarea>\t\t\t\t<\/div>\n\t\t\t\t\t\t\t\t<div class=\"elementor-field-group elementor-column elementor-field-type-submit elementor-col-100 e-form__buttons\">\n\t\t\t\t\t<button class=\"elementor-button elementor-size-md\" type=\"submit\">\n\t\t\t\t\t\t<span class=\"elementor-button-content-wrapper\">\n\t\t\t\t\t\t\t\t\t\t\t\t\t\t\t\t\t\t\t\t\t\t<span class=\"elementor-button-text\">SENDEN<\/span>\n\t\t\t\t\t\t\t\t\t\t\t\t\t<\/span>\n\t\t\t\t\t<\/button>\n\t\t\t\t<\/div>\n\t\t\t<\/div>\n\t\t<\/form>\n\t\t\t\t\t\t<\/div>\n\t\t\t\t\t<\/div>\n\t\t<\/div>\n\t\t\t\t\t<\/div>\n\t\t<\/section>\n\t\t\t\t<section class=\"elementor-section elementor-top-section elementor-element elementor-element-da92f24 elementor-section-content-middle elementor-section-boxed elementor-section-height-default elementor-section-height-default\" data-id=\"da92f24\" data-element_type=\"section\" data-settings=\"{&quot;background_background&quot;:&quot;classic&quot;}\">\n\t\t\t\t\t\t<div class=\"elementor-container elementor-column-gap-no\">\n\t\t\t\t\t<div class=\"elementor-column elementor-col-50 elementor-top-column elementor-element elementor-element-07f5f4a\" data-id=\"07f5f4a\" data-element_type=\"column\">\n\t\t\t<div class=\"elementor-widget-wrap elementor-element-populated\">\n\t\t\t\t\t\t<div class=\"elementor-element elementor-element-ed19226 elementor-widget elementor-widget-heading\" data-id=\"ed19226\" data-element_type=\"widget\" data-widget_type=\"heading.default\">\n\t\t\t\t\t<h2 class=\"elementor-heading-title elementor-size-default\">Erkunden Sie vertrauensw\u00fcrdiges Wissen und Einblicke<\/h2>\t\t\t\t<\/div>\n\t\t\t\t<div class=\"elementor-element elementor-element-6d33ab0 elementor-widget elementor-widget-text-editor\" data-id=\"6d33ab0\" data-element_type=\"widget\" data-widget_type=\"text-editor.default\">\n\t\t\t\t\t\t\t\t\t<p dir=\"auto\">Vertiefen Sie Ihre Kenntnisse mit ma\u00dfgeblichen Ressourcen. Greifen Sie auf Wikipedia zu, eine weltweit anerkannte Quelle f\u00fcr offene und verl\u00e4ssliche Informationen, oder entdecken Sie chemische Daten aus PubChem, der weltweit gr\u00f6\u00dften kostenlosen Chemiedatenbank. <\/p>\t\t\t\t\t\t\t\t<\/div>\n\t\t\t\t<section class=\"elementor-section elementor-inner-section elementor-element elementor-element-f3cea6e elementor-section-boxed elementor-section-height-default elementor-section-height-default\" data-id=\"f3cea6e\" data-element_type=\"section\">\n\t\t\t\t\t\t<div class=\"elementor-container elementor-column-gap-default\">\n\t\t\t\t\t<div class=\"elementor-column elementor-col-50 elementor-inner-column elementor-element elementor-element-678bdbf\" data-id=\"678bdbf\" data-element_type=\"column\">\n\t\t\t<div class=\"elementor-widget-wrap elementor-element-populated\">\n\t\t\t\t\t\t<div class=\"elementor-element elementor-element-18e1b11 elementor-align-justify elementor-mobile-align-left elementor-widget elementor-widget-button\" data-id=\"18e1b11\" data-element_type=\"widget\" data-widget_type=\"button.default\">\n\t\t\t\t\t\t\t\t\t\t<a class=\"elementor-button elementor-button-link elementor-size-sm elementor-animation-grow\" href=\"https:\/\/en.wikipedia.org\/wiki\/Tetrabromoethane\" rel=\"nofollow noopener\" target=\"_blank\">\n\t\t\t\t\t\t<span class=\"elementor-button-content-wrapper\">\n\t\t\t\t\t\t\t\t\t<span class=\"elementor-button-text\">Ansicht auf Wikipedia<\/span>\n\t\t\t\t\t<\/span>\n\t\t\t\t\t<\/a>\n\t\t\t\t\t\t\t\t<\/div>\n\t\t\t\t\t<\/div>\n\t\t<\/div>\n\t\t\t\t<div class=\"elementor-column elementor-col-50 elementor-inner-column elementor-element elementor-element-63942a3\" data-id=\"63942a3\" data-element_type=\"column\">\n\t\t\t<div class=\"elementor-widget-wrap elementor-element-populated\">\n\t\t\t\t\t\t<div class=\"elementor-element elementor-element-62f37a3 elementor-align-justify elementor-mobile-align-left elementor-widget elementor-widget-button\" data-id=\"62f37a3\" data-element_type=\"widget\" data-widget_type=\"button.default\">\n\t\t\t\t\t\t\t\t\t\t<a class=\"elementor-button elementor-button-link elementor-size-sm elementor-animation-grow\" href=\"https:\/\/pubchem.ncbi.nlm.nih.gov\/compound\/6588\" rel=\"nofollow noopener\" target=\"_blank\">\n\t\t\t\t\t\t<span class=\"elementor-button-content-wrapper\">\n\t\t\t\t\t\t\t\t\t<span class=\"elementor-button-text\">PubChem erforschen<\/span>\n\t\t\t\t\t<\/span>\n\t\t\t\t\t<\/a>\n\t\t\t\t\t\t\t\t<\/div>\n\t\t\t\t\t<\/div>\n\t\t<\/div>\n\t\t\t\t\t<\/div>\n\t\t<\/section>\n\t\t\t\t\t<\/div>\n\t\t<\/div>\n\t\t\t\t<div class=\"elementor-column elementor-col-50 elementor-top-column elementor-element elementor-element-267e744\" data-id=\"267e744\" data-element_type=\"column\">\n\t\t\t<div class=\"elementor-widget-wrap\">\n\t\t\t\t\t\t\t<\/div>\n\t\t<\/div>\n\t\t\t\t\t<\/div>\n\t\t<\/section>\n\t\t\t\t<\/div>\n\t\t","protected":false},"excerpt":{"rendered":"<p>Tetrabromethan (TBE) CAS 79-27-6 Farblose Fl\u00fcssigkeit 1,1,2,2-Tetrabromethan (TBE) wird \u00fcberwiegend als schwere Fl\u00fcssigkeit bei der Dichtetrennung von Mineralien eingesetzt. Mit seinem hohen spezifischen Gewicht (2,967 g\/mL) erm\u00f6glicht TBE die schnelle und pr\u00e4zise Trennung verschiedener Erze, geologischer Proben und Kohle, was f\u00fcr die Qualit\u00e4tskontrolle und Laboranalyse entscheidend ist. MSDS Verpackung 60-Liter-Fass Ein vertrauensw\u00fcrdiger Lieferant von Tetrabromethan&#8230;<\/p>\n","protected":false},"author":1,"featured_media":0,"parent":0,"menu_order":0,"comment_status":"closed","ping_status":"closed","template":"","meta":{"_acf_changed":false,"_kadence_starter_templates_imported_post":false,"_kad_post_transparent":"","_kad_post_title":"","_kad_post_layout":"","_kad_post_sidebar_id":"","_kad_post_content_style":"","_kad_post_vertical_padding":"","_kad_post_feature":"","_kad_post_feature_position":"","_kad_post_header":false,"_kad_post_footer":false,"footnotes":""},"class_list":["post-7314","page","type-page","status-publish","hentry"],"acf":[],"_links":{"self":[{"href":"https:\/\/palicachem.com\/de\/wp-json\/wp\/v2\/pages\/7314","targetHints":{"allow":["GET"]}}],"collection":[{"href":"https:\/\/palicachem.com\/de\/wp-json\/wp\/v2\/pages"}],"about":[{"href":"https:\/\/palicachem.com\/de\/wp-json\/wp\/v2\/types\/page"}],"author":[{"embeddable":true,"href":"https:\/\/palicachem.com\/de\/wp-json\/wp\/v2\/users\/1"}],"replies":[{"embeddable":true,"href":"https:\/\/palicachem.com\/de\/wp-json\/wp\/v2\/comments?post=7314"}],"version-history":[{"count":2,"href":"https:\/\/palicachem.com\/de\/wp-json\/wp\/v2\/pages\/7314\/revisions"}],"predecessor-version":[{"id":8026,"href":"https:\/\/palicachem.com\/de\/wp-json\/wp\/v2\/pages\/7314\/revisions\/8026"}],"wp:attachment":[{"href":"https:\/\/palicachem.com\/de\/wp-json\/wp\/v2\/media?parent=7314"}],"curies":[{"name":"wp","href":"https:\/\/api.w.org\/{rel}","templated":true}]}}