{"id":8348,"date":"2025-10-20T07:54:43","date_gmt":"2025-10-20T07:54:43","guid":{"rendered":"https:\/\/palicachem.com\/8-hydroxychinolin-derivate-breitband-biozid-und-formulierungsstabilisierungsloesungen\/"},"modified":"2025-12-30T06:13:09","modified_gmt":"2025-12-30T06:13:09","slug":"8-hydroxychinolin-derivate-breitband-biozid-und-formulierungsstabilisierungsloesungen","status":"publish","type":"page","link":"https:\/\/palicachem.com\/de\/8-hydroxychinolin-derivate-breitband-biozid-und-formulierungsstabilisierungsloesungen\/","title":{"rendered":"8-Hydroxychinolin-Derivate \u2014 Breitband-Biozid- und Formulierungsstabilisierungsl\u00f6sungen"},"content":{"rendered":"\t\t<div data-elementor-type=\"wp-page\" data-elementor-id=\"8348\" class=\"elementor elementor-8348 elementor-8189\" data-elementor-post-type=\"page\">\n\t\t\t\t\t\t<section class=\"elementor-section elementor-top-section elementor-element elementor-element-06c4c5c elementor-section-full_width elementor-section-height-min-height elementor-section-items-stretch elementor-section-height-default\" data-id=\"06c4c5c\" data-element_type=\"section\" data-settings=\"{&quot;background_background&quot;:&quot;classic&quot;}\">\n\t\t\t\t\t\t\t<div class=\"elementor-background-overlay\"><\/div>\n\t\t\t\t\t\t\t<div class=\"elementor-container elementor-column-gap-no\">\n\t\t\t\t\t<div class=\"elementor-column elementor-col-100 elementor-top-column elementor-element elementor-element-4b5484c\" data-id=\"4b5484c\" data-element_type=\"column\">\n\t\t\t<div class=\"elementor-widget-wrap elementor-element-populated\">\n\t\t\t\t\t\t<div class=\"elementor-element elementor-element-57b16a3 elementor-widget elementor-widget-heading\" data-id=\"57b16a3\" data-element_type=\"widget\" data-widget_type=\"heading.default\">\n\t\t\t\t\t<h1 class=\"elementor-heading-title elementor-size-default\">Breitband-Biozid- und Formulierungsstabilisierungsl\u00f6sungen<\/h1>\t\t\t\t<\/div>\n\t\t\t\t<div class=\"elementor-element elementor-element-0f8a342 elementor-widget elementor-widget-heading\" data-id=\"0f8a342\" data-element_type=\"widget\" data-widget_type=\"heading.default\">\n\t\t\t\t\t<h3 class=\"elementor-heading-title elementor-size-default\">Branchen &amp; L\u00f6sungen &gt; 8-Hydroxychinolin-Derivate<\/h3>\t\t\t\t<\/div>\n\t\t\t\t\t<\/div>\n\t\t<\/div>\n\t\t\t\t\t<\/div>\n\t\t<\/section>\n\t\t\t\t<section class=\"elementor-section elementor-top-section elementor-element elementor-element-3464930 elementor-section-content-middle elementor-section-boxed elementor-section-height-default elementor-section-height-default\" data-id=\"3464930\" data-element_type=\"section\">\n\t\t\t\t\t\t<div class=\"elementor-container elementor-column-gap-no\">\n\t\t\t\t\t<div class=\"elementor-column elementor-col-50 elementor-top-column elementor-element elementor-element-3c8da4b\" data-id=\"3c8da4b\" data-element_type=\"column\">\n\t\t\t<div class=\"elementor-widget-wrap elementor-element-populated\">\n\t\t\t\t\t\t<div class=\"elementor-element elementor-element-0d06aa0 elementor-widget__width-initial elementor-widget elementor-widget-text-editor\" data-id=\"0d06aa0\" data-element_type=\"widget\" data-widget_type=\"text-editor.default\">\n\t\t\t\t\t\t\t\t\t<p>8-Hydroxychinolin (8-HQ) ist ein Kernmolek\u00fcl, das f\u00fcr seine au\u00dfergew\u00f6hnlichen Chelatbildungseigenschaften und seine starke biologische Aktivit\u00e4t bekannt ist. Seine Derivate, wie Sulfat- und Kupfersalze, bilden die Grundlage f\u00fcr hochwertige Anwendungen in Industrie-, Landwirtschafts- und Pharmasektoren. Dieser Wert resultiert aus ihrer einzigartigen Doppelwirkung: starke, breitbandige antimikrobielle, fungizide und schimmelhemmende Eigenschaften sowie die unverzichtbare F\u00e4higkeit, verschiedene Metallionen zu komplexieren (Chelatbildung).  <\/p><p>Die 8-Hydroxychinolin-Produktreihe von Palica Chem wurde speziell f\u00fcr Kunden entwickelt, die eine pr\u00e4zise Mikrobienkontrolle und \u00fcberlegene Stabilit\u00e4t in anspruchsvollen Formulierungen ben\u00f6tigen.<\/p>\t\t\t\t\t\t\t\t<\/div>\n\t\t\t\t\t<\/div>\n\t\t<\/div>\n\t\t\t\t<div class=\"elementor-column elementor-col-50 elementor-top-column elementor-element elementor-element-1160ca4\" data-id=\"1160ca4\" data-element_type=\"column\">\n\t\t\t<div class=\"elementor-widget-wrap elementor-element-populated\">\n\t\t\t\t\t\t<div class=\"elementor-element elementor-element-639c6d1 elementor-widget elementor-widget-image\" data-id=\"639c6d1\" data-element_type=\"widget\" data-widget_type=\"image.default\">\n\t\t\t\t\t\t\t\t\t\t\t\t\t\t\t<img fetchpriority=\"high\" decoding=\"async\" width=\"250\" height=\"290\" src=\"https:\/\/palicachem.com\/wp-content\/uploads\/2025\/10\/8-Hydroxyquinoline.png\" class=\"attachment-large size-large wp-image-8273\" alt=\"\" srcset=\"https:\/\/palicachem.com\/wp-content\/uploads\/2025\/10\/8-Hydroxyquinoline.png 250w, https:\/\/palicachem.com\/wp-content\/uploads\/2025\/10\/8-Hydroxyquinoline-100x116.png 100w\" sizes=\"(max-width: 250px) 100vw, 250px\" \/>\t\t\t\t\t\t\t\t\t\t\t\t\t\t\t<\/div>\n\t\t\t\t<div class=\"elementor-element elementor-element-6928a3c elementor-widget elementor-widget-heading\" data-id=\"6928a3c\" data-element_type=\"widget\" data-widget_type=\"heading.default\">\n\t\t\t\t\t<h3 class=\"elementor-heading-title elementor-size-default\"><a href=\"https:\/\/palicachem.com\/8-hydroxyquinoline\/\" target=\"_blank\">8-Hydroxychinolin<\/a><\/h3>\t\t\t\t<\/div>\n\t\t\t\t\t<\/div>\n\t\t<\/div>\n\t\t\t\t\t<\/div>\n\t\t<\/section>\n\t\t\t\t<section class=\"elementor-section elementor-top-section elementor-element elementor-element-6b5c8a0a elementor-section-content-middle elementor-section-boxed elementor-section-height-default elementor-section-height-default\" data-id=\"6b5c8a0a\" data-element_type=\"section\">\n\t\t\t\t\t\t<div class=\"elementor-container elementor-column-gap-no\">\n\t\t\t\t\t<div class=\"elementor-column elementor-col-100 elementor-top-column elementor-element elementor-element-fcc6cdf\" data-id=\"fcc6cdf\" data-element_type=\"column\">\n\t\t\t<div class=\"elementor-widget-wrap elementor-element-populated\">\n\t\t\t\t\t\t<div class=\"elementor-element elementor-element-58e0c61c elementor-widget elementor-widget-heading\" data-id=\"58e0c61c\" data-element_type=\"widget\" data-widget_type=\"heading.default\">\n\t\t\t\t\t<h4 class=\"elementor-heading-title elementor-size-default\">Ausgew\u00e4hlte Produkte<\/h4>\t\t\t\t<\/div>\n\t\t\t\t<section class=\"elementor-section elementor-inner-section elementor-element elementor-element-1c3a4aac elementor-section-content-middle elementor-section-boxed elementor-section-height-default elementor-section-height-default\" data-id=\"1c3a4aac\" data-element_type=\"section\">\n\t\t\t\t\t\t<div class=\"elementor-container elementor-column-gap-no\">\n\t\t\t\t\t<div class=\"elementor-column elementor-col-50 elementor-inner-column elementor-element elementor-element-35f19429\" data-id=\"35f19429\" data-element_type=\"column\">\n\t\t\t<div class=\"elementor-widget-wrap elementor-element-populated\">\n\t\t\t\t\t\t<div class=\"elementor-element elementor-element-5907c051 elementor-widget elementor-widget-heading\" data-id=\"5907c051\" data-element_type=\"widget\" data-widget_type=\"heading.default\">\n\t\t\t\t\t<h3 class=\"elementor-heading-title elementor-size-default\"><a href=\"https:\/\/palicachem.com\/chemicals\/8-hydroxyquinoline-sulfate\/\" target=\"_blank\">8-Hydroxychinolinsulfat<\/a><\/h3>\t\t\t\t<\/div>\n\t\t\t\t<div class=\"elementor-element elementor-element-5b7134d elementor-widget elementor-widget-text-editor\" data-id=\"5b7134d\" data-element_type=\"widget\" data-widget_type=\"text-editor.default\">\n\t\t\t\t\t\t\t\t\t<p>(CAS: 134-31-6)<\/p>\t\t\t\t\t\t\t\t<\/div>\n\t\t\t\t<div class=\"elementor-element elementor-element-903ed22 elementor-widget elementor-widget-image\" data-id=\"903ed22\" data-element_type=\"widget\" data-widget_type=\"image.default\">\n\t\t\t\t\t\t\t\t\t\t\t\t\t\t\t<img decoding=\"async\" width=\"426\" height=\"230\" src=\"https:\/\/palicachem.com\/wp-content\/uploads\/2025\/10\/8-hydroxyquinoline-sulfate-1.png\" class=\"attachment-medium_large size-medium_large wp-image-8291\" alt=\"\" srcset=\"https:\/\/palicachem.com\/wp-content\/uploads\/2025\/10\/8-hydroxyquinoline-sulfate-1.png 426w, https:\/\/palicachem.com\/wp-content\/uploads\/2025\/10\/8-hydroxyquinoline-sulfate-1-300x162.png 300w, https:\/\/palicachem.com\/wp-content\/uploads\/2025\/10\/8-hydroxyquinoline-sulfate-1-100x54.png 100w\" sizes=\"(max-width: 426px) 100vw, 426px\" \/>\t\t\t\t\t\t\t\t\t\t\t\t\t\t\t<\/div>\n\t\t\t\t<div class=\"elementor-element elementor-element-2538cf6b elementor-widget elementor-widget-text-editor\" data-id=\"2538cf6b\" data-element_type=\"widget\" data-widget_type=\"text-editor.default\">\n\t\t\t\t\t\t\t\t\t<p>Ausgezeichnete Wasserl\u00f6slichkeit, starke breitbandige antibakterielle und antifungale Aktivit\u00e4t; wirksame Metallchelatbildung zur Stabilisierung empfindlicher Formeln (z.\u202fB. Peroxide); zur \u00e4u\u00dferlichen Desinfektion geeignet.<\/p>\t\t\t\t\t\t\t\t<\/div>\n\t\t\t\t\t<\/div>\n\t\t<\/div>\n\t\t\t\t<div class=\"elementor-column elementor-col-50 elementor-inner-column elementor-element elementor-element-5f2d8c1b\" data-id=\"5f2d8c1b\" data-element_type=\"column\">\n\t\t\t<div class=\"elementor-widget-wrap elementor-element-populated\">\n\t\t\t\t\t\t<div class=\"elementor-element elementor-element-353aab42 elementor-widget elementor-widget-heading\" data-id=\"353aab42\" data-element_type=\"widget\" data-widget_type=\"heading.default\">\n\t\t\t\t\t<h3 class=\"elementor-heading-title elementor-size-default\"><a href=\"https:\/\/palicachem.com\/copper-8-hydroxyquinolineoxine-copper\/\" target=\"_blank\">Kupfer 8-Hydroxychinolin (Oxin-Kupfer)<\/a><\/h3>\t\t\t\t<\/div>\n\t\t\t\t<div class=\"elementor-element elementor-element-95fd49d elementor-widget elementor-widget-text-editor\" data-id=\"95fd49d\" data-element_type=\"widget\" data-widget_type=\"text-editor.default\">\n\t\t\t\t\t\t\t\t\t<p>(CAS: 10380-28-6)<\/p>\t\t\t\t\t\t\t\t<\/div>\n\t\t\t\t<div class=\"elementor-element elementor-element-f725813 elementor-widget elementor-widget-image\" data-id=\"f725813\" data-element_type=\"widget\" data-widget_type=\"image.default\">\n\t\t\t\t\t\t\t\t\t\t\t\t\t\t\t<img decoding=\"async\" width=\"426\" height=\"230\" src=\"https:\/\/palicachem.com\/wp-content\/uploads\/2025\/10\/copper-8-hydroxyquinoline-1.png\" class=\"attachment-medium_large size-medium_large wp-image-8300\" alt=\"\" srcset=\"https:\/\/palicachem.com\/wp-content\/uploads\/2025\/10\/copper-8-hydroxyquinoline-1.png 426w, https:\/\/palicachem.com\/wp-content\/uploads\/2025\/10\/copper-8-hydroxyquinoline-1-300x162.png 300w, https:\/\/palicachem.com\/wp-content\/uploads\/2025\/10\/copper-8-hydroxyquinoline-1-100x54.png 100w\" sizes=\"(max-width: 426px) 100vw, 426px\" \/>\t\t\t\t\t\t\t\t\t\t\t\t\t\t\t<\/div>\n\t\t\t\t<div class=\"elementor-element elementor-element-13310e27 elementor-widget elementor-widget-text-editor\" data-id=\"13310e27\" data-element_type=\"widget\" data-widget_type=\"text-editor.default\">\n\t\t\t\t\t\t\t\t\t<p>\u00dcberlegene Lipophilie und Haltbarkeit; wirkt als nicht auslaugendes Biozid mit au\u00dfergew\u00f6hnlicher Hemmung von Industrie-Mikroben und Schimmel; weit verbreitet zum Schutz von Holz, Leder und Leinwand.<\/p>\t\t\t\t\t\t\t\t<\/div>\n\t\t\t\t\t<\/div>\n\t\t<\/div>\n\t\t\t\t\t<\/div>\n\t\t<\/section>\n\t\t\t\t\t<\/div>\n\t\t<\/div>\n\t\t\t\t\t<\/div>\n\t\t<\/section>\n\t\t\t\t<section class=\"elementor-section elementor-top-section elementor-element elementor-element-e07a801 elementor-section-content-middle elementor-hidden-desktop elementor-hidden-tablet elementor-hidden-mobile elementor-section-boxed elementor-section-height-default elementor-section-height-default\" data-id=\"e07a801\" data-element_type=\"section\">\n\t\t\t\t\t\t<div class=\"elementor-container elementor-column-gap-no\">\n\t\t\t\t\t<div class=\"elementor-column elementor-col-100 elementor-top-column elementor-element elementor-element-af96f95\" data-id=\"af96f95\" data-element_type=\"column\">\n\t\t\t<div class=\"elementor-widget-wrap elementor-element-populated\">\n\t\t\t\t\t\t<section class=\"elementor-section elementor-inner-section elementor-element elementor-element-c80c067 elementor-section-boxed elementor-section-height-default elementor-section-height-default\" data-id=\"c80c067\" data-element_type=\"section\">\n\t\t\t\t\t\t<div class=\"elementor-container elementor-column-gap-default\">\n\t\t\t\t\t<div class=\"elementor-column elementor-col-50 elementor-inner-column elementor-element elementor-element-7db22ca\" data-id=\"7db22ca\" data-element_type=\"column\">\n\t\t\t<div class=\"elementor-widget-wrap elementor-element-populated\">\n\t\t\t\t\t\t<div class=\"elementor-element elementor-element-f67edd6 elementor-widget__width-initial elementor-widget elementor-widget-text-editor\" data-id=\"f67edd6\" data-element_type=\"widget\" data-widget_type=\"text-editor.default\">\n\t\t\t\t\t\t\t\t\t<p>Oxine-Copper ist ein hochwirksames, nicht auslaugendes Fungizid und Schimmelpr\u00e4parat. Dieses gelb-gr\u00fcne Kristallpulver wird f\u00fcr seine Wasserunl\u00f6slichkeit und \u00fcberlegene Haltbarkeit gesch\u00e4tzt. Es ist die bevorzugte L\u00f6sung zum langfristigen Schutz von Textilien, Holz, Farbe und Seilen vor mikrobieller Zersetzung.  <\/p>\t\t\t\t\t\t\t\t<\/div>\n\t\t\t\t<div class=\"elementor-element elementor-element-0d86c7a elementor-align-right elementor-widget elementor-widget-button\" data-id=\"0d86c7a\" data-element_type=\"widget\" data-widget_type=\"button.default\">\n\t\t\t\t\t\t\t\t\t\t<a class=\"elementor-button elementor-button-link elementor-size-sm\" href=\"https:\/\/palicachem.com\/de\/chemicals\/8-hydroxychinolinsulfat\/\" target=\"_blank\">\n\t\t\t\t\t\t<span class=\"elementor-button-content-wrapper\">\n\t\t\t\t\t\t\t\t\t<span class=\"elementor-button-text\">Mehr Details<\/span>\n\t\t\t\t\t<\/span>\n\t\t\t\t\t<\/a>\n\t\t\t\t\t\t\t\t<\/div>\n\t\t\t\t\t<\/div>\n\t\t<\/div>\n\t\t\t\t<div class=\"elementor-column elementor-col-50 elementor-inner-column elementor-element elementor-element-71b208b\" data-id=\"71b208b\" data-element_type=\"column\">\n\t\t\t<div class=\"elementor-widget-wrap elementor-element-populated\">\n\t\t\t\t\t\t<div class=\"elementor-element elementor-element-d8ee0ce elementor-widget elementor-widget-heading\" data-id=\"d8ee0ce\" data-element_type=\"widget\" data-widget_type=\"heading.default\">\n\t\t\t\t\t<h2 class=\"elementor-heading-title elementor-size-default\">8-Hydroxychinolinsulfat<\/h2>\t\t\t\t<\/div>\n\t\t\t\t<div class=\"elementor-element elementor-element-af6b21d elementor-widget__width-initial elementor-widget elementor-widget-text-editor\" data-id=\"af6b21d\" data-element_type=\"widget\" data-widget_type=\"text-editor.default\">\n\t\t\t\t\t\t\t\t\tQuinosol ist ein hochwirksames Antiseptikum und systemisches Fungizid. Es ist ein vielseitiges Chinolin-Derivat, das f\u00fcr seine au\u00dfergew\u00f6hnlichen Metallchelat-Eigenschaften bekannt ist. Dieses hellgelbe Kristallpulver wird in verschiedenen pharmazeutischen und landwirtschaftlichen Anwendungen weit verbreitet als Desinfektionsmittel und Konservierungsmittel eingesetzt und gew\u00e4hrleistet Produktstabilit\u00e4t sowie Mikrobienkontrolle.  \t\t\t\t\t\t\t\t<\/div>\n\t\t\t\t<div class=\"elementor-element elementor-element-64214ed elementor-align-right elementor-widget elementor-widget-button\" data-id=\"64214ed\" data-element_type=\"widget\" data-widget_type=\"button.default\">\n\t\t\t\t\t\t\t\t\t\t<a class=\"elementor-button elementor-button-link elementor-size-sm\" href=\"https:\/\/palicachem.com\/de\/parylene-n\/\" target=\"_blank\">\n\t\t\t\t\t\t<span class=\"elementor-button-content-wrapper\">\n\t\t\t\t\t\t\t\t\t<span class=\"elementor-button-text\">Mehr Details<\/span>\n\t\t\t\t\t<\/span>\n\t\t\t\t\t<\/a>\n\t\t\t\t\t\t\t\t<\/div>\n\t\t\t\t\t<\/div>\n\t\t<\/div>\n\t\t\t\t\t<\/div>\n\t\t<\/section>\n\t\t\t\t\t<\/div>\n\t\t<\/div>\n\t\t\t\t\t<\/div>\n\t\t<\/section>\n\t\t\t\t<section class=\"elementor-section elementor-top-section elementor-element elementor-element-8e7cf60 elementor-section-content-middle elementor-hidden-desktop elementor-hidden-tablet elementor-hidden-mobile elementor-section-boxed elementor-section-height-default elementor-section-height-default\" data-id=\"8e7cf60\" data-element_type=\"section\">\n\t\t\t\t\t\t<div class=\"elementor-container elementor-column-gap-no\">\n\t\t\t\t\t<div class=\"elementor-column elementor-col-100 elementor-top-column elementor-element elementor-element-7fb4232\" data-id=\"7fb4232\" data-element_type=\"column\">\n\t\t\t<div class=\"elementor-widget-wrap elementor-element-populated\">\n\t\t\t\t\t\t<section class=\"elementor-section elementor-inner-section elementor-element elementor-element-a8eb2bb elementor-section-boxed elementor-section-height-default elementor-section-height-default\" data-id=\"a8eb2bb\" data-element_type=\"section\">\n\t\t\t\t\t\t<div class=\"elementor-container elementor-column-gap-default\">\n\t\t\t\t\t<div class=\"elementor-column elementor-col-50 elementor-inner-column elementor-element elementor-element-f1bfe11\" data-id=\"f1bfe11\" data-element_type=\"column\">\n\t\t\t<div class=\"elementor-widget-wrap\">\n\t\t\t\t\t\t\t<\/div>\n\t\t<\/div>\n\t\t\t\t<div class=\"elementor-column elementor-col-50 elementor-inner-column elementor-element elementor-element-baa80e9\" data-id=\"baa80e9\" data-element_type=\"column\">\n\t\t\t<div class=\"elementor-widget-wrap elementor-element-populated\">\n\t\t\t\t\t\t<div class=\"elementor-element elementor-element-49ebff5 elementor-widget__width-initial elementor-widget elementor-widget-text-editor\" data-id=\"49ebff5\" data-element_type=\"widget\" data-widget_type=\"text-editor.default\">\n\t\t\t\t\t\t\t\t\t<p>Long-Lasting Industrial Mildew &amp; Protectant<\/p>\t\t\t\t\t\t\t\t<\/div>\n\t\t\t\t\t<\/div>\n\t\t<\/div>\n\t\t\t\t\t<\/div>\n\t\t<\/section>\n\t\t\t\t\t<\/div>\n\t\t<\/div>\n\t\t\t\t\t<\/div>\n\t\t<\/section>\n\t\t\t\t<section class=\"elementor-section elementor-top-section elementor-element elementor-element-2cd00b7 elementor-section-content-middle elementor-hidden-desktop elementor-hidden-tablet elementor-hidden-mobile elementor-section-boxed elementor-section-height-default elementor-section-height-default\" data-id=\"2cd00b7\" data-element_type=\"section\">\n\t\t\t\t\t\t<div class=\"elementor-container elementor-column-gap-no\">\n\t\t\t\t\t<div class=\"elementor-column elementor-col-100 elementor-top-column elementor-element elementor-element-9350735\" data-id=\"9350735\" data-element_type=\"column\">\n\t\t\t<div class=\"elementor-widget-wrap elementor-element-populated\">\n\t\t\t\t\t\t<section class=\"elementor-section elementor-inner-section elementor-element elementor-element-cbb170e elementor-section-boxed elementor-section-height-default elementor-section-height-default\" data-id=\"cbb170e\" data-element_type=\"section\">\n\t\t\t\t\t\t<div class=\"elementor-container elementor-column-gap-default\">\n\t\t\t\t\t<div class=\"elementor-column elementor-col-50 elementor-inner-column elementor-element elementor-element-8bce33a\" data-id=\"8bce33a\" data-element_type=\"column\">\n\t\t\t<div class=\"elementor-widget-wrap elementor-element-populated\">\n\t\t\t\t\t\t<div class=\"elementor-element elementor-element-0576ba8 elementor-widget elementor-widget-heading\" data-id=\"0576ba8\" data-element_type=\"widget\" data-widget_type=\"heading.default\">\n\t\t\t\t\t<h2 class=\"elementor-heading-title elementor-size-default\">8-Hydroxychinolinsulfat<\/h2>\t\t\t\t<\/div>\n\t\t\t\t\t<\/div>\n\t\t<\/div>\n\t\t\t\t<div class=\"elementor-column elementor-col-50 elementor-inner-column elementor-element elementor-element-f012c0f\" data-id=\"f012c0f\" data-element_type=\"column\">\n\t\t\t<div class=\"elementor-widget-wrap elementor-element-populated\">\n\t\t\t\t\t\t<div class=\"elementor-element elementor-element-04dbb1e elementor-widget__width-initial elementor-widget elementor-widget-text-editor\" data-id=\"04dbb1e\" data-element_type=\"widget\" data-widget_type=\"text-editor.default\">\n\t\t\t\t\t\t\t\t\t<p>Highly Soluble Antiseptic &amp; Chelating Agent<\/p>\t\t\t\t\t\t\t\t<\/div>\n\t\t\t\t\t<\/div>\n\t\t<\/div>\n\t\t\t\t\t<\/div>\n\t\t<\/section>\n\t\t\t\t\t<\/div>\n\t\t<\/div>\n\t\t\t\t\t<\/div>\n\t\t<\/section>\n\t\t\t\t<\/div>\n\t\t","protected":false},"excerpt":{"rendered":"<p>Breitband-Biozid- und Formulierungsstabilisierungsl\u00f6sungen Branchen &amp; L\u00f6sungen &gt; 8-Hydroxychinolin-Derivate 8-Hydroxychinolin (8-HQ) ist ein Kernmolek\u00fcl, das f\u00fcr seine au\u00dfergew\u00f6hnlichen Chelatbildungseigenschaften und seine starke biologische Aktivit\u00e4t bekannt ist. Seine Derivate, wie Sulfat- und Kupfersalze, bilden die Grundlage f\u00fcr hochwertige Anwendungen in Industrie-, Landwirtschafts- und Pharmasektoren. Dieser Wert resultiert aus ihrer einzigartigen Doppelwirkung: starke, breitbandige antimikrobielle, fungizide und schimmelhemmende&#8230;<\/p>\n","protected":false},"author":1,"featured_media":0,"parent":0,"menu_order":0,"comment_status":"closed","ping_status":"closed","template":"","meta":{"_acf_changed":false,"_kadence_starter_templates_imported_post":false,"_kad_post_transparent":"","_kad_post_title":"","_kad_post_layout":"","_kad_post_sidebar_id":"","_kad_post_content_style":"","_kad_post_vertical_padding":"","_kad_post_feature":"","_kad_post_feature_position":"","_kad_post_header":false,"_kad_post_footer":false,"footnotes":""},"class_list":["post-8348","page","type-page","status-publish","hentry"],"acf":[],"_links":{"self":[{"href":"https:\/\/palicachem.com\/de\/wp-json\/wp\/v2\/pages\/8348","targetHints":{"allow":["GET"]}}],"collection":[{"href":"https:\/\/palicachem.com\/de\/wp-json\/wp\/v2\/pages"}],"about":[{"href":"https:\/\/palicachem.com\/de\/wp-json\/wp\/v2\/types\/page"}],"author":[{"embeddable":true,"href":"https:\/\/palicachem.com\/de\/wp-json\/wp\/v2\/users\/1"}],"replies":[{"embeddable":true,"href":"https:\/\/palicachem.com\/de\/wp-json\/wp\/v2\/comments?post=8348"}],"version-history":[{"count":2,"href":"https:\/\/palicachem.com\/de\/wp-json\/wp\/v2\/pages\/8348\/revisions"}],"predecessor-version":[{"id":8744,"href":"https:\/\/palicachem.com\/de\/wp-json\/wp\/v2\/pages\/8348\/revisions\/8744"}],"wp:attachment":[{"href":"https:\/\/palicachem.com\/de\/wp-json\/wp\/v2\/media?parent=8348"}],"curies":[{"name":"wp","href":"https:\/\/api.w.org\/{rel}","templated":true}]}}