{"id":4418,"date":"2023-04-21T11:23:36","date_gmt":"2023-04-21T11:23:36","guid":{"rendered":"https:\/\/palicachem.com\/8-hidroxiquinoleina\/"},"modified":"2025-10-21T01:59:07","modified_gmt":"2025-10-21T01:59:07","slug":"8-hidroxiquinoleina","status":"publish","type":"page","link":"https:\/\/palicachem.com\/es\/8-hidroxiquinoleina\/","title":{"rendered":"8-Hidroxiquinole\u00edna"},"content":{"rendered":"\t\t<div data-elementor-type=\"wp-page\" data-elementor-id=\"4418\" class=\"elementor elementor-4418 elementor-2140\" data-elementor-post-type=\"page\">\n\t\t\t\t\t\t<section class=\"elementor-section elementor-top-section elementor-element elementor-element-67c79ba elementor-section-boxed elementor-section-height-default elementor-section-height-default\" data-id=\"67c79ba\" data-element_type=\"section\">\n\t\t\t\t\t\t<div class=\"elementor-container elementor-column-gap-default\">\n\t\t\t\t\t<div class=\"elementor-column elementor-col-100 elementor-top-column elementor-element elementor-element-4ebcd4e\" data-id=\"4ebcd4e\" data-element_type=\"column\">\n\t\t\t<div class=\"elementor-widget-wrap elementor-element-populated\">\n\t\t\t\t\t\t<div class=\"elementor-element elementor-element-6362f29 elementor-widget elementor-widget-heading\" data-id=\"6362f29\" data-element_type=\"widget\" data-widget_type=\"heading.default\">\n\t\t\t\t\t<h2 class=\"elementor-heading-title elementor-size-default\">8-Hidroxiquinole\u00edna (8-HQ)<\/h2>\t\t\t\t<\/div>\n\t\t\t\t<div class=\"elementor-element elementor-element-6f737e8 elementor-widget-divider--view-line elementor-widget elementor-widget-divider\" data-id=\"6f737e8\" data-element_type=\"widget\" data-widget_type=\"divider.default\">\n\t\t\t\t\t\t\t<div class=\"elementor-divider\">\n\t\t\t<span class=\"elementor-divider-separator\">\n\t\t\t\t\t\t<\/span>\n\t\t<\/div>\n\t\t\t\t\t\t<\/div>\n\t\t\t\t\t<\/div>\n\t\t<\/div>\n\t\t\t\t\t<\/div>\n\t\t<\/section>\n\t\t\t\t<section class=\"elementor-section elementor-top-section elementor-element elementor-element-7dea200 elementor-section-boxed elementor-section-height-default elementor-section-height-default\" data-id=\"7dea200\" data-element_type=\"section\">\n\t\t\t\t\t\t<div class=\"elementor-container elementor-column-gap-default\">\n\t\t\t\t\t<div class=\"elementor-column elementor-col-33 elementor-top-column elementor-element elementor-element-fdde3b2\" data-id=\"fdde3b2\" data-element_type=\"column\">\n\t\t\t<div class=\"elementor-widget-wrap elementor-element-populated\">\n\t\t\t\t\t\t<div class=\"elementor-element elementor-element-cef9109 elementor-widget elementor-widget-image\" data-id=\"cef9109\" data-element_type=\"widget\" data-widget_type=\"image.default\">\n\t\t\t\t\t\t\t\t\t\t\t\t\t\t\t<img fetchpriority=\"high\" decoding=\"async\" width=\"300\" height=\"300\" src=\"https:\/\/palicachem.com\/wp-content\/uploads\/2023\/04\/8HQ-MOLECULAR-STRUCTURE-300x300.jpg\" class=\"attachment-medium size-medium wp-image-4142\" alt=\"\" srcset=\"https:\/\/palicachem.com\/wp-content\/uploads\/2023\/04\/8HQ-MOLECULAR-STRUCTURE-300x300.jpg 300w, https:\/\/palicachem.com\/wp-content\/uploads\/2023\/04\/8HQ-MOLECULAR-STRUCTURE-150x150.jpg 150w, https:\/\/palicachem.com\/wp-content\/uploads\/2023\/04\/8HQ-MOLECULAR-STRUCTURE-100x100.jpg 100w, https:\/\/palicachem.com\/wp-content\/uploads\/2023\/04\/8HQ-MOLECULAR-STRUCTURE-64x64.jpg 64w, https:\/\/palicachem.com\/wp-content\/uploads\/2023\/04\/8HQ-MOLECULAR-STRUCTURE.jpg 400w\" sizes=\"(max-width: 300px) 100vw, 300px\" \/>\t\t\t\t\t\t\t\t\t\t\t\t\t\t\t<\/div>\n\t\t\t\t\t<\/div>\n\t\t<\/div>\n\t\t\t\t<div class=\"elementor-column elementor-col-33 elementor-top-column elementor-element elementor-element-bbed331\" data-id=\"bbed331\" data-element_type=\"column\">\n\t\t\t<div class=\"elementor-widget-wrap elementor-element-populated\">\n\t\t\t\t\t\t<div class=\"elementor-element elementor-element-821d3fe elementor-widget elementor-widget-heading\" data-id=\"821d3fe\" data-element_type=\"widget\" data-widget_type=\"heading.default\">\n\t\t\t\t\t<h2 class=\"elementor-heading-title elementor-size-default\">CAS 148-24-3<\/h2>\t\t\t\t<\/div>\n\t\t\t\t<div class=\"elementor-element elementor-element-d54a19d elementor-widget elementor-widget-text-editor\" data-id=\"d54a19d\" data-element_type=\"widget\" data-widget_type=\"text-editor.default\">\n\t\t\t\t\t\t\t\t\t<p>8-Hidroxiquinolina (tambi\u00e9n conocida como 8-Quinolinol, CAS 148-24-3) es un compuesto cristalino org\u00e1nico altamente vers\u00e1til que comprende un anillo fen\u00f3lico fusionado a un anillo de piridina. Gracias a su fuerte capacidad de quelaci\u00f3n de metales, este qu\u00edmico se utiliza ampliamente en qu\u00edmica anal\u00edtica, intermediarios farmac\u00e9uticos, materiales OLED y fabricaci\u00f3n de productos qu\u00edmicos finos. En Palica Chem, suministramos 8-Hidroxiquinolina de grado premium con pureza garantizada y disponibilidad constante a granel.  <\/p>\t\t\t\t\t\t\t\t<\/div>\n\t\t\t\t\t<\/div>\n\t\t<\/div>\n\t\t\t\t<div class=\"elementor-column elementor-col-33 elementor-top-column elementor-element elementor-element-b413cbc\" data-id=\"b413cbc\" data-element_type=\"column\">\n\t\t\t<div class=\"elementor-widget-wrap elementor-element-populated\">\n\t\t\t\t\t\t<div class=\"elementor-element elementor-element-9b9273f elementor-widget elementor-widget-heading\" data-id=\"9b9273f\" data-element_type=\"widget\" data-widget_type=\"heading.default\">\n\t\t\t\t\t<p class=\"elementor-heading-title elementor-size-default\"><a href=\"http:\/\/palicachem.com\/wp-content\/uploads\/2024\/02\/MSDS-8-Hydroxyquinoline148-24-3V20210815.pdf\" target=\"_blank\">SDS<\/a><\/p>\t\t\t\t<\/div>\n\t\t\t\t\t<\/div>\n\t\t<\/div>\n\t\t\t\t\t<\/div>\n\t\t<\/section>\n\t\t\t\t<section class=\"elementor-section elementor-top-section elementor-element elementor-element-84b9a05 elementor-section-content-middle elementor-section-boxed elementor-section-height-default elementor-section-height-default\" data-id=\"84b9a05\" data-element_type=\"section\">\n\t\t\t\t\t\t<div class=\"elementor-container elementor-column-gap-no\">\n\t\t\t\t\t<div class=\"elementor-column elementor-col-100 elementor-top-column elementor-element elementor-element-5b1720b\" data-id=\"5b1720b\" data-element_type=\"column\">\n\t\t\t<div class=\"elementor-widget-wrap elementor-element-populated\">\n\t\t\t\t\t\t<div class=\"elementor-element elementor-element-c87f8e2 elementor-widget elementor-widget-heading\" data-id=\"c87f8e2\" data-element_type=\"widget\" data-widget_type=\"heading.default\">\n\t\t\t\t\t<h4 class=\"elementor-heading-title elementor-size-default\">Envases<\/h4>\t\t\t\t<\/div>\n\t\t\t\t<section class=\"elementor-section elementor-inner-section elementor-element elementor-element-53ee418 elementor-section-boxed elementor-section-height-default elementor-section-height-default\" data-id=\"53ee418\" data-element_type=\"section\">\n\t\t\t\t\t\t<div class=\"elementor-container elementor-column-gap-default\">\n\t\t\t\t\t<div class=\"elementor-column elementor-col-50 elementor-inner-column elementor-element elementor-element-224d517\" data-id=\"224d517\" data-element_type=\"column\">\n\t\t\t<div class=\"elementor-widget-wrap elementor-element-populated\">\n\t\t\t\t\t\t<div class=\"elementor-element elementor-element-960fe23 elementor-widget elementor-widget-image\" data-id=\"960fe23\" data-element_type=\"widget\" data-widget_type=\"image.default\">\n\t\t\t\t\t\t\t\t\t\t\t\t<figure class=\"wp-caption\">\n\t\t\t\t\t\t\t\t\t\t<img decoding=\"async\" width=\"200\" height=\"200\" src=\"https:\/\/palicachem.com\/wp-content\/uploads\/2024\/02\/Kraft-Paper-Bag.png\" class=\"attachment-large size-large wp-image-4178\" alt=\"\" srcset=\"https:\/\/palicachem.com\/wp-content\/uploads\/2024\/02\/Kraft-Paper-Bag.png 200w, https:\/\/palicachem.com\/wp-content\/uploads\/2024\/02\/Kraft-Paper-Bag-150x150.png 150w, https:\/\/palicachem.com\/wp-content\/uploads\/2024\/02\/Kraft-Paper-Bag-100x100.png 100w, https:\/\/palicachem.com\/wp-content\/uploads\/2024\/02\/Kraft-Paper-Bag-64x64.png 64w\" sizes=\"(max-width: 200px) 100vw, 200px\" \/>\t\t\t\t\t\t\t\t\t\t\t<figcaption class=\"widget-image-caption wp-caption-text\">25kg net Kraft Paper Bag<\/figcaption>\n\t\t\t\t\t\t\t\t\t\t<\/figure>\n\t\t\t\t\t\t\t\t\t<\/div>\n\t\t\t\t\t<\/div>\n\t\t<\/div>\n\t\t\t\t<div class=\"elementor-column elementor-col-50 elementor-inner-column elementor-element elementor-element-d8eda06\" data-id=\"d8eda06\" data-element_type=\"column\">\n\t\t\t<div class=\"elementor-widget-wrap elementor-element-populated\">\n\t\t\t\t\t\t<div class=\"elementor-element elementor-element-ce6fbd7 elementor-widget elementor-widget-image\" data-id=\"ce6fbd7\" data-element_type=\"widget\" data-widget_type=\"image.default\">\n\t\t\t\t\t\t\t\t\t\t\t\t<figure class=\"wp-caption\">\n\t\t\t\t\t\t\t\t\t\t<img decoding=\"async\" width=\"200\" height=\"200\" src=\"https:\/\/palicachem.com\/wp-content\/uploads\/2024\/02\/Cardboard-Drum.png\" class=\"attachment-large size-large wp-image-4172\" alt=\"\" srcset=\"https:\/\/palicachem.com\/wp-content\/uploads\/2024\/02\/Cardboard-Drum.png 200w, https:\/\/palicachem.com\/wp-content\/uploads\/2024\/02\/Cardboard-Drum-150x150.png 150w, https:\/\/palicachem.com\/wp-content\/uploads\/2024\/02\/Cardboard-Drum-100x100.png 100w, https:\/\/palicachem.com\/wp-content\/uploads\/2024\/02\/Cardboard-Drum-64x64.png 64w\" sizes=\"(max-width: 200px) 100vw, 200px\" \/>\t\t\t\t\t\t\t\t\t\t\t<figcaption class=\"widget-image-caption wp-caption-text\">Bid\u00f3n de cart\u00f3n de 25 kg netos<\/figcaption>\n\t\t\t\t\t\t\t\t\t\t<\/figure>\n\t\t\t\t\t\t\t\t\t<\/div>\n\t\t\t\t\t<\/div>\n\t\t<\/div>\n\t\t\t\t\t<\/div>\n\t\t<\/section>\n\t\t\t\t\t<\/div>\n\t\t<\/div>\n\t\t\t\t\t<\/div>\n\t\t<\/section>\n\t\t\t\t<section class=\"elementor-section elementor-top-section elementor-element elementor-element-bfeb84a elementor-section-content-middle elementor-section-boxed elementor-section-height-default elementor-section-height-default elementor-invisible\" data-id=\"bfeb84a\" data-element_type=\"section\" data-settings=\"{&quot;animation&quot;:&quot;fadeInDown&quot;}\">\n\t\t\t\t\t\t<div class=\"elementor-container elementor-column-gap-no\">\n\t\t\t\t\t<div class=\"elementor-column elementor-col-100 elementor-top-column elementor-element elementor-element-e79099d\" data-id=\"e79099d\" data-element_type=\"column\">\n\t\t\t<div class=\"elementor-widget-wrap elementor-element-populated\">\n\t\t\t\t\t\t<div class=\"elementor-element elementor-element-ae7603e elementor-widget elementor-widget-heading\" data-id=\"ae7603e\" data-element_type=\"widget\" data-widget_type=\"heading.default\">\n\t\t\t\t\t<h4 class=\"elementor-heading-title elementor-size-default\">La fuente de 8HQ de mejor calidad del mundo<\/h4>\t\t\t\t<\/div>\n\t\t\t\t<div class=\"elementor-element elementor-element-118e9cb elementor-widget elementor-widget-text-editor\" data-id=\"118e9cb\" data-element_type=\"widget\" data-widget_type=\"text-editor.default\">\n\t\t\t\t\t\t\t\t\t<p>Con un enfoque implacable en la garant\u00eda de calidad y unas normas de fabricaci\u00f3n estrictas, nuestro producto se erige como el pin\u00e1culo de la pureza y el rendimiento en el mercado. Experimenta la diferencia con nuestro producto de primera calidad, que garantiza una calidad y fiabilidad inigualables para tus aplicaciones. <\/p>\t\t\t\t\t\t\t\t<\/div>\n\t\t\t\t<section class=\"elementor-section elementor-inner-section elementor-element elementor-element-de422ac elementor-section-content-middle elementor-section-boxed elementor-section-height-default elementor-section-height-default\" data-id=\"de422ac\" data-element_type=\"section\">\n\t\t\t\t\t\t<div class=\"elementor-container elementor-column-gap-no\">\n\t\t\t\t\t<div class=\"elementor-column elementor-col-100 elementor-inner-column elementor-element elementor-element-e2aeb45\" data-id=\"e2aeb45\" data-element_type=\"column\">\n\t\t\t<div class=\"elementor-widget-wrap elementor-element-populated\">\n\t\t\t\t\t\t<div class=\"elementor-element elementor-element-36242c1 elementor-align-center elementor-widget elementor-widget-button\" data-id=\"36242c1\" data-element_type=\"widget\" data-widget_type=\"button.default\">\n\t\t\t\t\t\t\t\t\t\t<a class=\"elementor-button elementor-button-link elementor-size-sm elementor-animation-grow\" href=\"mailto:info@palica.com.cn\">\n\t\t\t\t\t\t<span class=\"elementor-button-content-wrapper\">\n\t\t\t\t\t\t\t\t\t<span class=\"elementor-button-text\">ENV\u00cdANOS UN CORREO ELECTR\u00d3NICO para m\u00e1s detalles<\/span>\n\t\t\t\t\t<\/span>\n\t\t\t\t\t<\/a>\n\t\t\t\t\t\t\t\t<\/div>\n\t\t\t\t\t<\/div>\n\t\t<\/div>\n\t\t\t\t\t<\/div>\n\t\t<\/section>\n\t\t\t\t\t<\/div>\n\t\t<\/div>\n\t\t\t\t\t<\/div>\n\t\t<\/section>\n\t\t\t\t<section class=\"elementor-section elementor-top-section elementor-element elementor-element-a59016e elementor-section-boxed elementor-section-height-default elementor-section-height-default\" data-id=\"a59016e\" data-element_type=\"section\">\n\t\t\t\t\t\t<div class=\"elementor-container elementor-column-gap-default\">\n\t\t\t\t\t<div class=\"elementor-column elementor-col-100 elementor-top-column elementor-element elementor-element-3b66ca8\" data-id=\"3b66ca8\" data-element_type=\"column\">\n\t\t\t<div class=\"elementor-widget-wrap elementor-element-populated\">\n\t\t\t\t\t\t<div class=\"elementor-element elementor-element-b0d1965 elementor-widget elementor-widget-heading\" data-id=\"b0d1965\" data-element_type=\"widget\" data-widget_type=\"heading.default\">\n\t\t\t\t\t<h1 class=\"elementor-heading-title elementor-size-default\">Pide un presupuesto ahora<\/h1>\t\t\t\t<\/div>\n\t\t\t\t<div class=\"elementor-element elementor-element-7ee463e fluentform-widget-submit-button-left fluentform-widget-submit-button-custom elementor-widget elementor-widget-fluent-form-widget\" data-id=\"7ee463e\" data-element_type=\"widget\" data-widget_type=\"fluent-form-widget.default\">\n\t\t\t\t<div class=\"elementor-widget-container\">\n\t\t\t\t\t\n            <div class=\"fluentform-widget-wrapper hide-placeholder fluentform-widget-align-center\">\n\n            \n            <div class='fluentform ff-default fluentform_wrapper_4 ffs_default_wrap'><form data-form_id=\"4\" id=\"fluentform_4\" class=\"frm-fluent-form fluent_form_4 ff-el-form-top ff_form_instance_4_1 ff-form-loading ffs_default\" data-form_instance=\"ff_form_instance_4_1\" method=\"POST\" ><fieldset  style=\"border: none!important;margin: 0!important;padding: 0!important;background-color: transparent!important;box-shadow: none!important;outline: none!important; min-inline-size: 100%;\">\n                    <legend class=\"ff_screen_reader_title\" style=\"display: block; margin: 0!important;padding: 0!important;height: 0!important;text-indent: -999999px;width: 0!important;overflow:hidden;\">Blank Form (#4)<\/legend><input type='hidden' name='__fluent_form_embded_post_id' value='4418' \/><input type=\"hidden\" id=\"_fluentform_4_fluentformnonce\" name=\"_fluentform_4_fluentformnonce\" value=\"78ccdd2fef\" \/><input type=\"hidden\" name=\"_wp_http_referer\" value=\"\/es\/wp-json\/wp\/v2\/pages\/4418\" \/><div data-name=\"ff_cn_id_1\"  class='ff-t-container ff-column-container ff_columns_total_2 '><div class='ff-t-cell ff-t-column-1' style='flex-basis: 50%;'><div data-type=\"name-element\" data-name=\"names\" class=\" ff-field_container ff-name-field-wrapper\" ><div class='ff-t-container'><div class='ff-t-cell '><div class='ff-el-group  ff-el-form-top'><div class=\"ff-el-input--label asterisk-right\"><label for='ff_4_names_last_name_' id='label_ff_4_names_last_name_' >Name<\/label><\/div><div class='ff-el-input--content'><input type=\"text\" name=\"names[last_name]\" id=\"ff_4_names_last_name_\" class=\"ff-el-form-control\" placeholder=\"John M.\" aria-invalid=\"false\" aria-required=false><\/div><\/div><\/div><\/div><\/div><\/div><div class='ff-t-cell ff-t-column-2' style='flex-basis: 50%;'><div class='ff-el-group'><div class=\"ff-el-input--label asterisk-right\"><label for='ff_4_email' id='label_ff_4_email' aria-label=\"Email\">Email<\/label><\/div><div class='ff-el-input--content'><input type=\"email\" name=\"email\" id=\"ff_4_email\" class=\"ff-el-form-control\" placeholder=\"John@gmail.com\" data-name=\"email\"  aria-invalid=\"false\" aria-required=false><\/div><\/div><\/div><\/div><div class='ff-el-group'><div class=\"ff-el-input--label ff-el-is-required asterisk-right\"><label for='ff_4_description' id='label_ff_4_description' aria-label=\"Your Inquires\">Your Inquires<\/label><\/div><div class='ff-el-input--content'><textarea aria-required=\"true\" aria-labelledby=\"label_ff_4_description\" name=\"description\" id=\"ff_4_description\" class=\"ff-el-form-control\" placeholder=\"eg., Can I have the MSDS of this product?\" rows=\"6\" cols=\"2\" data-name=\"description\" ><\/textarea><\/div><\/div><div class='ff-el-group ff-text-right ff_submit_btn_wrapper'><button type=\"submit\" class=\"ff-btn ff-btn-submit ff-btn-lg ff_btn_style wpf_has_custom_css\"  aria-label=\"Submit\">Submit<\/button><\/div><\/fieldset><\/form><div id='fluentform_4_errors' class='ff-errors-in-stack ff_form_instance_4_1 ff-form-loading_errors ff_form_instance_4_1_errors'><\/div><\/div>            <script type=\"text\/javascript\">\n                window.fluent_form_ff_form_instance_4_1 = {\"id\":\"4\",\"ajaxUrl\":\"https:\\\/\\\/palicachem.com\\\/wp-admin\\\/admin-ajax.php\",\"settings\":{\"layout\":{\"labelPlacement\":\"top\",\"helpMessagePlacement\":\"with_label\",\"errorMessagePlacement\":\"inline\",\"cssClassName\":\"\",\"asteriskPlacement\":\"asterisk-right\"},\"restrictions\":{\"denyEmptySubmission\":{\"enabled\":false}}},\"form_instance\":\"ff_form_instance_4_1\",\"form_id_selector\":\"fluentform_4\",\"rules\":{\"names[first_name]\":{\"required\":{\"value\":false,\"message\":\"This field is required\",\"global\":false,\"global_message\":\"This field is required\"}},\"names[middle_name]\":{\"required\":{\"value\":false,\"message\":\"This field is required\",\"global\":false,\"global_message\":\"This field is required\"}},\"names[last_name]\":{\"required\":{\"value\":false,\"message\":\"This field is required\",\"global\":false,\"global_message\":\"This field is required\"}},\"email\":{\"required\":{\"value\":false,\"message\":\"This field is required\",\"global\":false,\"global_message\":\"This field is required\"},\"email\":{\"value\":true,\"message\":\"This field must contain a valid email\",\"global\":false,\"global_message\":\"This field must contain a valid email\"}},\"description\":{\"required\":{\"value\":true,\"message\":\"This field is required\",\"global\":false,\"global_message\":\"This field is required\"}}},\"debounce_time\":300};\n                            <\/script>\n                        <\/div>\n\n            \t\t\t\t<\/div>\n\t\t\t\t<\/div>\n\t\t\t\t\t<\/div>\n\t\t<\/div>\n\t\t\t\t\t<\/div>\n\t\t<\/section>\n\t\t\t\t<section class=\"elementor-section elementor-top-section elementor-element elementor-element-6931218 elementor-section-boxed elementor-section-height-default elementor-section-height-default\" data-id=\"6931218\" data-element_type=\"section\">\n\t\t\t\t\t\t<div class=\"elementor-container elementor-column-gap-default\">\n\t\t\t\t\t<div class=\"elementor-column elementor-col-100 elementor-top-column elementor-element elementor-element-a2c3164\" data-id=\"a2c3164\" data-element_type=\"column\">\n\t\t\t<div class=\"elementor-widget-wrap elementor-element-populated\">\n\t\t\t\t\t\t<div class=\"elementor-element elementor-element-79be216 elementor-widget elementor-widget-text-editor\" data-id=\"79be216\" data-element_type=\"widget\" data-widget_type=\"text-editor.default\">\n\t\t\t\t\t\t\t\t\t<p><em><a href=\"https:\/\/palicachem.com\/an-introduction-of-8-hydroxyquinoline\/\">Introducci\u00f3n a la 8-hidroxiquinole\u00edna<\/a><\/em><\/p>\t\t\t\t\t\t\t\t<\/div>\n\t\t\t\t\t<\/div>\n\t\t<\/div>\n\t\t\t\t\t<\/div>\n\t\t<\/section>\n\t\t\t\t<section class=\"elementor-section elementor-top-section elementor-element elementor-element-cd65910 elementor-section-content-middle elementor-section-boxed elementor-section-height-default elementor-section-height-default\" data-id=\"cd65910\" data-element_type=\"section\" data-settings=\"{&quot;background_background&quot;:&quot;classic&quot;}\">\n\t\t\t\t\t\t<div class=\"elementor-container elementor-column-gap-no\">\n\t\t\t\t\t<div class=\"elementor-column elementor-col-50 elementor-top-column elementor-element elementor-element-b0c6aa0\" data-id=\"b0c6aa0\" data-element_type=\"column\">\n\t\t\t<div class=\"elementor-widget-wrap elementor-element-populated\">\n\t\t\t\t\t\t<div class=\"elementor-element elementor-element-e5d4d73 elementor-widget elementor-widget-heading\" data-id=\"e5d4d73\" data-element_type=\"widget\" data-widget_type=\"heading.default\">\n\t\t\t\t\t<h2 class=\"elementor-heading-title elementor-size-default\">Descubre informaci\u00f3n autorizada sobre productos externos<\/h2>\t\t\t\t<\/div>\n\t\t\t\t<div class=\"elementor-element elementor-element-97efa38 elementor-widget elementor-widget-text-editor\" data-id=\"97efa38\" data-element_type=\"widget\" data-widget_type=\"text-editor.default\">\n\t\t\t\t\t\t\t\t\t<p>  de pubchem.com que es la mayor base de datos de qu\u00edmica gratuita del mundo.<\/p>\t\t\t\t\t\t\t\t<\/div>\n\t\t\t\t\t<\/div>\n\t\t<\/div>\n\t\t\t\t<div class=\"elementor-column elementor-col-50 elementor-top-column elementor-element elementor-element-453dbc6\" data-id=\"453dbc6\" data-element_type=\"column\">\n\t\t\t<div class=\"elementor-widget-wrap elementor-element-populated\">\n\t\t\t\t\t\t<div class=\"elementor-element elementor-element-dc89601 elementor-align-right elementor-mobile-align-left elementor-widget elementor-widget-button\" data-id=\"dc89601\" data-element_type=\"widget\" data-widget_type=\"button.default\">\n\t\t\t\t\t\t\t\t\t\t<a class=\"elementor-button elementor-button-link elementor-size-sm elementor-animation-grow\" href=\"https:\/\/pubchem.ncbi.nlm.nih.gov\/compound\/1923\" rel=\"nofollow noopener\" target=\"_blank\">\n\t\t\t\t\t\t<span class=\"elementor-button-content-wrapper\">\n\t\t\t\t\t\t\t\t\t<span class=\"elementor-button-text\">ACCESO<\/span>\n\t\t\t\t\t<\/span>\n\t\t\t\t\t<\/a>\n\t\t\t\t\t\t\t\t<\/div>\n\t\t\t\t\t<\/div>\n\t\t<\/div>\n\t\t\t\t\t<\/div>\n\t\t<\/section>\n\t\t\t\t<\/div>\n\t\t","protected":false},"excerpt":{"rendered":"<p>8-Hidroxiquinole\u00edna (8-HQ) CAS 148-24-3 8-Hidroxiquinolina (tambi\u00e9n conocida como 8-Quinolinol, CAS 148-24-3) es un compuesto cristalino org\u00e1nico altamente vers\u00e1til que comprende un anillo fen\u00f3lico fusionado a un anillo de piridina. Gracias a su fuerte capacidad de quelaci\u00f3n de metales, este qu\u00edmico se utiliza ampliamente en qu\u00edmica anal\u00edtica, intermediarios farmac\u00e9uticos, materiales OLED y fabricaci\u00f3n de productos qu\u00edmicos&#8230;<\/p>\n","protected":false},"author":1,"featured_media":0,"parent":0,"menu_order":0,"comment_status":"closed","ping_status":"closed","template":"","meta":{"_acf_changed":false,"_kadence_starter_templates_imported_post":false,"_kad_post_transparent":"","_kad_post_title":"","_kad_post_layout":"","_kad_post_sidebar_id":"","_kad_post_content_style":"","_kad_post_vertical_padding":"","_kad_post_feature":"","_kad_post_feature_position":"","_kad_post_header":false,"_kad_post_footer":false,"footnotes":""},"class_list":["post-4418","page","type-page","status-publish","hentry"],"acf":[],"_links":{"self":[{"href":"https:\/\/palicachem.com\/es\/wp-json\/wp\/v2\/pages\/4418","targetHints":{"allow":["GET"]}}],"collection":[{"href":"https:\/\/palicachem.com\/es\/wp-json\/wp\/v2\/pages"}],"about":[{"href":"https:\/\/palicachem.com\/es\/wp-json\/wp\/v2\/types\/page"}],"author":[{"embeddable":true,"href":"https:\/\/palicachem.com\/es\/wp-json\/wp\/v2\/users\/1"}],"replies":[{"embeddable":true,"href":"https:\/\/palicachem.com\/es\/wp-json\/wp\/v2\/comments?post=4418"}],"version-history":[{"count":2,"href":"https:\/\/palicachem.com\/es\/wp-json\/wp\/v2\/pages\/4418\/revisions"}],"predecessor-version":[{"id":8259,"href":"https:\/\/palicachem.com\/es\/wp-json\/wp\/v2\/pages\/4418\/revisions\/8259"}],"wp:attachment":[{"href":"https:\/\/palicachem.com\/es\/wp-json\/wp\/v2\/media?parent=4418"}],"curies":[{"name":"wp","href":"https:\/\/api.w.org\/{rel}","templated":true}]}}