{"id":8335,"date":"2025-10-20T07:54:43","date_gmt":"2025-10-20T07:54:43","guid":{"rendered":"https:\/\/palicachem.com\/derivados-de-8-hidroxiquinolina-soluciones-biocidas-de-amplio-espectro-y-estabilizacion-de-formulas\/"},"modified":"2025-12-30T06:13:09","modified_gmt":"2025-12-30T06:13:09","slug":"derivados-de-8-hidroxiquinolina-soluciones-biocidas-de-amplio-espectro-y-estabilizacion-de-formulas","status":"publish","type":"page","link":"https:\/\/palicachem.com\/es\/derivados-de-8-hidroxiquinolina-soluciones-biocidas-de-amplio-espectro-y-estabilizacion-de-formulas\/","title":{"rendered":"Derivados de 8-Hidroxiquinolina \u2014 Soluciones Biocidas de Amplio Espectro y Estabilizaci\u00f3n de F\u00f3rmulas"},"content":{"rendered":"\t\t<div data-elementor-type=\"wp-page\" data-elementor-id=\"8335\" class=\"elementor elementor-8335 elementor-8189\" data-elementor-post-type=\"page\">\n\t\t\t\t\t\t<section class=\"elementor-section elementor-top-section elementor-element elementor-element-06c4c5c elementor-section-full_width elementor-section-height-min-height elementor-section-items-stretch elementor-section-height-default\" data-id=\"06c4c5c\" data-element_type=\"section\" data-settings=\"{&quot;background_background&quot;:&quot;classic&quot;}\">\n\t\t\t\t\t\t\t<div class=\"elementor-background-overlay\"><\/div>\n\t\t\t\t\t\t\t<div class=\"elementor-container elementor-column-gap-no\">\n\t\t\t\t\t<div class=\"elementor-column elementor-col-100 elementor-top-column elementor-element elementor-element-4b5484c\" data-id=\"4b5484c\" data-element_type=\"column\">\n\t\t\t<div class=\"elementor-widget-wrap elementor-element-populated\">\n\t\t\t\t\t\t<div class=\"elementor-element elementor-element-57b16a3 elementor-widget elementor-widget-heading\" data-id=\"57b16a3\" data-element_type=\"widget\" data-widget_type=\"heading.default\">\n\t\t\t\t\t<h1 class=\"elementor-heading-title elementor-size-default\">Soluciones Biocidas de Amplio Espectro y Estabilizaci\u00f3n de F\u00f3rmulas<\/h1>\t\t\t\t<\/div>\n\t\t\t\t<div class=\"elementor-element elementor-element-0f8a342 elementor-widget elementor-widget-heading\" data-id=\"0f8a342\" data-element_type=\"widget\" data-widget_type=\"heading.default\">\n\t\t\t\t\t<h3 class=\"elementor-heading-title elementor-size-default\">Industrias y Soluciones &gt; Derivados de 8-Hidroxiquinolina<\/h3>\t\t\t\t<\/div>\n\t\t\t\t\t<\/div>\n\t\t<\/div>\n\t\t\t\t\t<\/div>\n\t\t<\/section>\n\t\t\t\t<section class=\"elementor-section elementor-top-section elementor-element elementor-element-3464930 elementor-section-content-middle elementor-section-boxed elementor-section-height-default elementor-section-height-default\" data-id=\"3464930\" data-element_type=\"section\">\n\t\t\t\t\t\t<div class=\"elementor-container elementor-column-gap-no\">\n\t\t\t\t\t<div class=\"elementor-column elementor-col-50 elementor-top-column elementor-element elementor-element-3c8da4b\" data-id=\"3c8da4b\" data-element_type=\"column\">\n\t\t\t<div class=\"elementor-widget-wrap elementor-element-populated\">\n\t\t\t\t\t\t<div class=\"elementor-element elementor-element-0d06aa0 elementor-widget__width-initial elementor-widget elementor-widget-text-editor\" data-id=\"0d06aa0\" data-element_type=\"widget\" data-widget_type=\"text-editor.default\">\n\t\t\t\t\t\t\t\t\t<p>8-Hidroxiquinolina (8-HQ) es una mol\u00e9cula central conocida por su excepcional capacidad de quelaci\u00f3n y su potente actividad biol\u00f3gica. Sus derivados, como las sales de sulfato y cobre, son pilares para aplicaciones de alto valor en los sectores industrial, agr\u00edcola y farmac\u00e9utico. Este valor proviene de su singular doble funcionalidad: potentes propiedades antimicrobianas, fungicidas y antimoho de amplio espectro, y una capacidad indispensable de formaci\u00f3n de complejos (quelaci\u00f3n) para diversos iones met\u00e1licos.  <\/p><p>La serie de productos de 8-Hidroxiquinolina de Palica Chem est\u00e1 dise\u00f1ada espec\u00edficamente para clientes que requieren un control microbiano preciso y una estabilidad superior en f\u00f3rmulas exigentes.<\/p>\t\t\t\t\t\t\t\t<\/div>\n\t\t\t\t\t<\/div>\n\t\t<\/div>\n\t\t\t\t<div class=\"elementor-column elementor-col-50 elementor-top-column elementor-element elementor-element-1160ca4\" data-id=\"1160ca4\" data-element_type=\"column\">\n\t\t\t<div class=\"elementor-widget-wrap elementor-element-populated\">\n\t\t\t\t\t\t<div class=\"elementor-element elementor-element-639c6d1 elementor-widget elementor-widget-image\" data-id=\"639c6d1\" data-element_type=\"widget\" data-widget_type=\"image.default\">\n\t\t\t\t\t\t\t\t\t\t\t\t\t\t\t<img fetchpriority=\"high\" decoding=\"async\" width=\"250\" height=\"290\" src=\"https:\/\/palicachem.com\/wp-content\/uploads\/2025\/10\/8-Hydroxyquinoline.png\" class=\"attachment-large size-large wp-image-8278\" alt=\"\" srcset=\"https:\/\/palicachem.com\/wp-content\/uploads\/2025\/10\/8-Hydroxyquinoline.png 250w, https:\/\/palicachem.com\/wp-content\/uploads\/2025\/10\/8-Hydroxyquinoline-100x116.png 100w\" sizes=\"(max-width: 250px) 100vw, 250px\" \/>\t\t\t\t\t\t\t\t\t\t\t\t\t\t\t<\/div>\n\t\t\t\t<div class=\"elementor-element elementor-element-6928a3c elementor-widget elementor-widget-heading\" data-id=\"6928a3c\" data-element_type=\"widget\" data-widget_type=\"heading.default\">\n\t\t\t\t\t<h3 class=\"elementor-heading-title elementor-size-default\"><a href=\"https:\/\/palicachem.com\/8-hydroxyquinoline\/\" target=\"_blank\">8-Hidroxiquinole\u00edna<\/a><\/h3>\t\t\t\t<\/div>\n\t\t\t\t\t<\/div>\n\t\t<\/div>\n\t\t\t\t\t<\/div>\n\t\t<\/section>\n\t\t\t\t<section class=\"elementor-section elementor-top-section elementor-element elementor-element-6b5c8a0a elementor-section-content-middle elementor-section-boxed elementor-section-height-default elementor-section-height-default\" data-id=\"6b5c8a0a\" data-element_type=\"section\">\n\t\t\t\t\t\t<div class=\"elementor-container elementor-column-gap-no\">\n\t\t\t\t\t<div class=\"elementor-column elementor-col-100 elementor-top-column elementor-element elementor-element-fcc6cdf\" data-id=\"fcc6cdf\" data-element_type=\"column\">\n\t\t\t<div class=\"elementor-widget-wrap elementor-element-populated\">\n\t\t\t\t\t\t<div class=\"elementor-element elementor-element-58e0c61c elementor-widget elementor-widget-heading\" data-id=\"58e0c61c\" data-element_type=\"widget\" data-widget_type=\"heading.default\">\n\t\t\t\t\t<h4 class=\"elementor-heading-title elementor-size-default\">Productos Destacados<\/h4>\t\t\t\t<\/div>\n\t\t\t\t<section class=\"elementor-section elementor-inner-section elementor-element elementor-element-1c3a4aac elementor-section-content-middle elementor-section-boxed elementor-section-height-default elementor-section-height-default\" data-id=\"1c3a4aac\" data-element_type=\"section\">\n\t\t\t\t\t\t<div class=\"elementor-container elementor-column-gap-no\">\n\t\t\t\t\t<div class=\"elementor-column elementor-col-50 elementor-inner-column elementor-element elementor-element-35f19429\" data-id=\"35f19429\" data-element_type=\"column\">\n\t\t\t<div class=\"elementor-widget-wrap elementor-element-populated\">\n\t\t\t\t\t\t<div class=\"elementor-element elementor-element-5907c051 elementor-widget elementor-widget-heading\" data-id=\"5907c051\" data-element_type=\"widget\" data-widget_type=\"heading.default\">\n\t\t\t\t\t<h3 class=\"elementor-heading-title elementor-size-default\"><a href=\"https:\/\/palicachem.com\/chemicals\/8-hydroxyquinoline-sulfate\/\" target=\"_blank\">Sulfato de 8-hidroxiquinolina<\/a><\/h3>\t\t\t\t<\/div>\n\t\t\t\t<div class=\"elementor-element elementor-element-5b7134d elementor-widget elementor-widget-text-editor\" data-id=\"5b7134d\" data-element_type=\"widget\" data-widget_type=\"text-editor.default\">\n\t\t\t\t\t\t\t\t\t<p>(CAS: 134-31-6)<\/p>\t\t\t\t\t\t\t\t<\/div>\n\t\t\t\t<div class=\"elementor-element elementor-element-903ed22 elementor-widget elementor-widget-image\" data-id=\"903ed22\" data-element_type=\"widget\" data-widget_type=\"image.default\">\n\t\t\t\t\t\t\t\t\t\t\t\t\t\t\t<img decoding=\"async\" width=\"426\" height=\"230\" src=\"https:\/\/palicachem.com\/wp-content\/uploads\/2025\/10\/8-hydroxyquinoline-sulfate-1.png\" class=\"attachment-medium_large size-medium_large wp-image-8296\" alt=\"\" srcset=\"https:\/\/palicachem.com\/wp-content\/uploads\/2025\/10\/8-hydroxyquinoline-sulfate-1.png 426w, https:\/\/palicachem.com\/wp-content\/uploads\/2025\/10\/8-hydroxyquinoline-sulfate-1-300x162.png 300w, https:\/\/palicachem.com\/wp-content\/uploads\/2025\/10\/8-hydroxyquinoline-sulfate-1-100x54.png 100w\" sizes=\"(max-width: 426px) 100vw, 426px\" \/>\t\t\t\t\t\t\t\t\t\t\t\t\t\t\t<\/div>\n\t\t\t\t<div class=\"elementor-element elementor-element-2538cf6b elementor-widget elementor-widget-text-editor\" data-id=\"2538cf6b\" data-element_type=\"widget\" data-widget_type=\"text-editor.default\">\n\t\t\t\t\t\t\t\t\t<p>Excelente solubilidad en agua, potente actividad antibacteriana y antif\u00fangica de amplio espectro; quelaci\u00f3n met\u00e1lica eficaz para estabilizar f\u00f3rmulas sensibles (por ejemplo, per\u00f3xidos); uso antis\u00e9ptico externo.<\/p>\t\t\t\t\t\t\t\t<\/div>\n\t\t\t\t\t<\/div>\n\t\t<\/div>\n\t\t\t\t<div class=\"elementor-column elementor-col-50 elementor-inner-column elementor-element elementor-element-5f2d8c1b\" data-id=\"5f2d8c1b\" data-element_type=\"column\">\n\t\t\t<div class=\"elementor-widget-wrap elementor-element-populated\">\n\t\t\t\t\t\t<div class=\"elementor-element elementor-element-353aab42 elementor-widget elementor-widget-heading\" data-id=\"353aab42\" data-element_type=\"widget\" data-widget_type=\"heading.default\">\n\t\t\t\t\t<h3 class=\"elementor-heading-title elementor-size-default\"><a href=\"https:\/\/palicachem.com\/copper-8-hydroxyquinolineoxine-copper\/\" target=\"_blank\">8-Hidroxiquinole\u00edna de cobre (Oxina-cobre)<\/a><\/h3>\t\t\t\t<\/div>\n\t\t\t\t<div class=\"elementor-element elementor-element-95fd49d elementor-widget elementor-widget-text-editor\" data-id=\"95fd49d\" data-element_type=\"widget\" data-widget_type=\"text-editor.default\">\n\t\t\t\t\t\t\t\t\t<p>(CAS: 10380-28-6)<\/p>\t\t\t\t\t\t\t\t<\/div>\n\t\t\t\t<div class=\"elementor-element elementor-element-f725813 elementor-widget elementor-widget-image\" data-id=\"f725813\" data-element_type=\"widget\" data-widget_type=\"image.default\">\n\t\t\t\t\t\t\t\t\t\t\t\t\t\t\t<img decoding=\"async\" width=\"426\" height=\"230\" src=\"https:\/\/palicachem.com\/wp-content\/uploads\/2025\/10\/copper-8-hydroxyquinoline-1.png\" class=\"attachment-medium_large size-medium_large wp-image-8305\" alt=\"\" srcset=\"https:\/\/palicachem.com\/wp-content\/uploads\/2025\/10\/copper-8-hydroxyquinoline-1.png 426w, https:\/\/palicachem.com\/wp-content\/uploads\/2025\/10\/copper-8-hydroxyquinoline-1-300x162.png 300w, https:\/\/palicachem.com\/wp-content\/uploads\/2025\/10\/copper-8-hydroxyquinoline-1-100x54.png 100w\" sizes=\"(max-width: 426px) 100vw, 426px\" \/>\t\t\t\t\t\t\t\t\t\t\t\t\t\t\t<\/div>\n\t\t\t\t<div class=\"elementor-element elementor-element-13310e27 elementor-widget elementor-widget-text-editor\" data-id=\"13310e27\" data-element_type=\"widget\" data-widget_type=\"text-editor.default\">\n\t\t\t\t\t\t\t\t\t<p>Lipofilicidad y durabilidad superiores; funciona como un biocida no lixiviable con inhibici\u00f3n excepcional contra microbios industriales y moho; ampliamente utilizado para la protecci\u00f3n de madera, cuero y lona.<\/p>\t\t\t\t\t\t\t\t<\/div>\n\t\t\t\t\t<\/div>\n\t\t<\/div>\n\t\t\t\t\t<\/div>\n\t\t<\/section>\n\t\t\t\t\t<\/div>\n\t\t<\/div>\n\t\t\t\t\t<\/div>\n\t\t<\/section>\n\t\t\t\t<section class=\"elementor-section elementor-top-section elementor-element elementor-element-e07a801 elementor-section-content-middle elementor-hidden-desktop elementor-hidden-tablet elementor-hidden-mobile elementor-section-boxed elementor-section-height-default elementor-section-height-default\" data-id=\"e07a801\" data-element_type=\"section\">\n\t\t\t\t\t\t<div class=\"elementor-container elementor-column-gap-no\">\n\t\t\t\t\t<div class=\"elementor-column elementor-col-100 elementor-top-column elementor-element elementor-element-af96f95\" data-id=\"af96f95\" data-element_type=\"column\">\n\t\t\t<div class=\"elementor-widget-wrap elementor-element-populated\">\n\t\t\t\t\t\t<section class=\"elementor-section elementor-inner-section elementor-element elementor-element-c80c067 elementor-section-boxed elementor-section-height-default elementor-section-height-default\" data-id=\"c80c067\" data-element_type=\"section\">\n\t\t\t\t\t\t<div class=\"elementor-container elementor-column-gap-default\">\n\t\t\t\t\t<div class=\"elementor-column elementor-col-50 elementor-inner-column elementor-element elementor-element-7db22ca\" data-id=\"7db22ca\" data-element_type=\"column\">\n\t\t\t<div class=\"elementor-widget-wrap elementor-element-populated\">\n\t\t\t\t\t\t<div class=\"elementor-element elementor-element-f67edd6 elementor-widget__width-initial elementor-widget elementor-widget-text-editor\" data-id=\"f67edd6\" data-element_type=\"widget\" data-widget_type=\"text-editor.default\">\n\t\t\t\t\t\t\t\t\t<p>Oxina-Cobre es un fungicida y agente antimoho altamente eficaz y no lixiviable. Este polvo cristalino de color verde amarillento es muy valorado por su insolubilidad en agua y su durabilidad superior. Es la soluci\u00f3n ideal para la protecci\u00f3n a largo plazo de textiles, madera, pintura y cuerdas contra la degradaci\u00f3n microbiana.  <\/p>\t\t\t\t\t\t\t\t<\/div>\n\t\t\t\t<div class=\"elementor-element elementor-element-0d86c7a elementor-align-right elementor-widget elementor-widget-button\" data-id=\"0d86c7a\" data-element_type=\"widget\" data-widget_type=\"button.default\">\n\t\t\t\t\t\t\t\t\t\t<a class=\"elementor-button elementor-button-link elementor-size-sm\" href=\"https:\/\/palicachem.com\/es\/chemicals\/sulfato-de-8-hidroxiquinolina\/\" target=\"_blank\">\n\t\t\t\t\t\t<span class=\"elementor-button-content-wrapper\">\n\t\t\t\t\t\t\t\t\t<span class=\"elementor-button-text\">M\u00e1s Detalles<\/span>\n\t\t\t\t\t<\/span>\n\t\t\t\t\t<\/a>\n\t\t\t\t\t\t\t\t<\/div>\n\t\t\t\t\t<\/div>\n\t\t<\/div>\n\t\t\t\t<div class=\"elementor-column elementor-col-50 elementor-inner-column elementor-element elementor-element-71b208b\" data-id=\"71b208b\" data-element_type=\"column\">\n\t\t\t<div class=\"elementor-widget-wrap elementor-element-populated\">\n\t\t\t\t\t\t<div class=\"elementor-element elementor-element-d8ee0ce elementor-widget elementor-widget-heading\" data-id=\"d8ee0ce\" data-element_type=\"widget\" data-widget_type=\"heading.default\">\n\t\t\t\t\t<h2 class=\"elementor-heading-title elementor-size-default\">Sulfato de 8-hidroxiquinolina<\/h2>\t\t\t\t<\/div>\n\t\t\t\t<div class=\"elementor-element elementor-element-af6b21d elementor-widget__width-initial elementor-widget elementor-widget-text-editor\" data-id=\"af6b21d\" data-element_type=\"widget\" data-widget_type=\"text-editor.default\">\n\t\t\t\t\t\t\t\t\tQuinosol es un antis\u00e9ptico y fungicida sist\u00e9mico altamente efectivo. Es un vers\u00e1til derivado de la quinolina conocido por su excepcional capacidad de quelaci\u00f3n de metales. Este polvo cristalino de color amarillo p\u00e1lido se utiliza ampliamente como desinfectante y conservante en diversas aplicaciones farmac\u00e9uticas y agr\u00edcolas, asegurando la estabilidad del producto y el control microbiano.  \t\t\t\t\t\t\t\t<\/div>\n\t\t\t\t<div class=\"elementor-element elementor-element-64214ed elementor-align-right elementor-widget elementor-widget-button\" data-id=\"64214ed\" data-element_type=\"widget\" data-widget_type=\"button.default\">\n\t\t\t\t\t\t\t\t\t\t<a class=\"elementor-button elementor-button-link elementor-size-sm\" href=\"https:\/\/palicachem.com\/es\/parileno-n\/\" target=\"_blank\">\n\t\t\t\t\t\t<span class=\"elementor-button-content-wrapper\">\n\t\t\t\t\t\t\t\t\t<span class=\"elementor-button-text\">M\u00e1s Detalles<\/span>\n\t\t\t\t\t<\/span>\n\t\t\t\t\t<\/a>\n\t\t\t\t\t\t\t\t<\/div>\n\t\t\t\t\t<\/div>\n\t\t<\/div>\n\t\t\t\t\t<\/div>\n\t\t<\/section>\n\t\t\t\t\t<\/div>\n\t\t<\/div>\n\t\t\t\t\t<\/div>\n\t\t<\/section>\n\t\t\t\t<section class=\"elementor-section elementor-top-section elementor-element elementor-element-8e7cf60 elementor-section-content-middle elementor-hidden-desktop elementor-hidden-tablet elementor-hidden-mobile elementor-section-boxed elementor-section-height-default elementor-section-height-default\" data-id=\"8e7cf60\" data-element_type=\"section\">\n\t\t\t\t\t\t<div class=\"elementor-container elementor-column-gap-no\">\n\t\t\t\t\t<div class=\"elementor-column elementor-col-100 elementor-top-column elementor-element elementor-element-7fb4232\" data-id=\"7fb4232\" data-element_type=\"column\">\n\t\t\t<div class=\"elementor-widget-wrap elementor-element-populated\">\n\t\t\t\t\t\t<section class=\"elementor-section elementor-inner-section elementor-element elementor-element-a8eb2bb elementor-section-boxed elementor-section-height-default elementor-section-height-default\" data-id=\"a8eb2bb\" data-element_type=\"section\">\n\t\t\t\t\t\t<div class=\"elementor-container elementor-column-gap-default\">\n\t\t\t\t\t<div class=\"elementor-column elementor-col-50 elementor-inner-column elementor-element elementor-element-f1bfe11\" data-id=\"f1bfe11\" data-element_type=\"column\">\n\t\t\t<div class=\"elementor-widget-wrap\">\n\t\t\t\t\t\t\t<\/div>\n\t\t<\/div>\n\t\t\t\t<div class=\"elementor-column elementor-col-50 elementor-inner-column elementor-element elementor-element-baa80e9\" data-id=\"baa80e9\" data-element_type=\"column\">\n\t\t\t<div class=\"elementor-widget-wrap elementor-element-populated\">\n\t\t\t\t\t\t<div class=\"elementor-element elementor-element-49ebff5 elementor-widget__width-initial elementor-widget elementor-widget-text-editor\" data-id=\"49ebff5\" data-element_type=\"widget\" data-widget_type=\"text-editor.default\">\n\t\t\t\t\t\t\t\t\t<p>Antimoho y Protector Industrial de Larga Duraci\u00f3n<\/p>\t\t\t\t\t\t\t\t<\/div>\n\t\t\t\t\t<\/div>\n\t\t<\/div>\n\t\t\t\t\t<\/div>\n\t\t<\/section>\n\t\t\t\t\t<\/div>\n\t\t<\/div>\n\t\t\t\t\t<\/div>\n\t\t<\/section>\n\t\t\t\t<section class=\"elementor-section elementor-top-section elementor-element elementor-element-2cd00b7 elementor-section-content-middle elementor-hidden-desktop elementor-hidden-tablet elementor-hidden-mobile elementor-section-boxed elementor-section-height-default elementor-section-height-default\" data-id=\"2cd00b7\" data-element_type=\"section\">\n\t\t\t\t\t\t<div class=\"elementor-container elementor-column-gap-no\">\n\t\t\t\t\t<div class=\"elementor-column elementor-col-100 elementor-top-column elementor-element elementor-element-9350735\" data-id=\"9350735\" data-element_type=\"column\">\n\t\t\t<div class=\"elementor-widget-wrap elementor-element-populated\">\n\t\t\t\t\t\t<section class=\"elementor-section elementor-inner-section elementor-element elementor-element-cbb170e elementor-section-boxed elementor-section-height-default elementor-section-height-default\" data-id=\"cbb170e\" data-element_type=\"section\">\n\t\t\t\t\t\t<div class=\"elementor-container elementor-column-gap-default\">\n\t\t\t\t\t<div class=\"elementor-column elementor-col-50 elementor-inner-column elementor-element elementor-element-8bce33a\" data-id=\"8bce33a\" data-element_type=\"column\">\n\t\t\t<div class=\"elementor-widget-wrap elementor-element-populated\">\n\t\t\t\t\t\t<div class=\"elementor-element elementor-element-0576ba8 elementor-widget elementor-widget-heading\" data-id=\"0576ba8\" data-element_type=\"widget\" data-widget_type=\"heading.default\">\n\t\t\t\t\t<h2 class=\"elementor-heading-title elementor-size-default\">Sulfato de 8-hidroxiquinolina<\/h2>\t\t\t\t<\/div>\n\t\t\t\t\t<\/div>\n\t\t<\/div>\n\t\t\t\t<div class=\"elementor-column elementor-col-50 elementor-inner-column elementor-element elementor-element-f012c0f\" data-id=\"f012c0f\" data-element_type=\"column\">\n\t\t\t<div class=\"elementor-widget-wrap elementor-element-populated\">\n\t\t\t\t\t\t<div class=\"elementor-element elementor-element-04dbb1e elementor-widget__width-initial elementor-widget elementor-widget-text-editor\" data-id=\"04dbb1e\" data-element_type=\"widget\" data-widget_type=\"text-editor.default\">\n\t\t\t\t\t\t\t\t\t<p>Agente Antis\u00e9ptico y Quelante Altamente Soluble<\/p>\t\t\t\t\t\t\t\t<\/div>\n\t\t\t\t\t<\/div>\n\t\t<\/div>\n\t\t\t\t\t<\/div>\n\t\t<\/section>\n\t\t\t\t\t<\/div>\n\t\t<\/div>\n\t\t\t\t\t<\/div>\n\t\t<\/section>\n\t\t\t\t<\/div>\n\t\t","protected":false},"excerpt":{"rendered":"<p>Soluciones Biocidas de Amplio Espectro y Estabilizaci\u00f3n de F\u00f3rmulas Industrias y Soluciones &gt; Derivados de 8-Hidroxiquinolina 8-Hidroxiquinolina (8-HQ) es una mol\u00e9cula central conocida por su excepcional capacidad de quelaci\u00f3n y su potente actividad biol\u00f3gica. Sus derivados, como las sales de sulfato y cobre, son pilares para aplicaciones de alto valor en los sectores industrial, agr\u00edcola&#8230;<\/p>\n","protected":false},"author":1,"featured_media":0,"parent":0,"menu_order":0,"comment_status":"closed","ping_status":"closed","template":"","meta":{"_acf_changed":false,"_kadence_starter_templates_imported_post":false,"_kad_post_transparent":"","_kad_post_title":"","_kad_post_layout":"","_kad_post_sidebar_id":"","_kad_post_content_style":"","_kad_post_vertical_padding":"","_kad_post_feature":"","_kad_post_feature_position":"","_kad_post_header":false,"_kad_post_footer":false,"footnotes":""},"class_list":["post-8335","page","type-page","status-publish","hentry"],"acf":[],"_links":{"self":[{"href":"https:\/\/palicachem.com\/es\/wp-json\/wp\/v2\/pages\/8335","targetHints":{"allow":["GET"]}}],"collection":[{"href":"https:\/\/palicachem.com\/es\/wp-json\/wp\/v2\/pages"}],"about":[{"href":"https:\/\/palicachem.com\/es\/wp-json\/wp\/v2\/types\/page"}],"author":[{"embeddable":true,"href":"https:\/\/palicachem.com\/es\/wp-json\/wp\/v2\/users\/1"}],"replies":[{"embeddable":true,"href":"https:\/\/palicachem.com\/es\/wp-json\/wp\/v2\/comments?post=8335"}],"version-history":[{"count":3,"href":"https:\/\/palicachem.com\/es\/wp-json\/wp\/v2\/pages\/8335\/revisions"}],"predecessor-version":[{"id":8745,"href":"https:\/\/palicachem.com\/es\/wp-json\/wp\/v2\/pages\/8335\/revisions\/8745"}],"wp:attachment":[{"href":"https:\/\/palicachem.com\/es\/wp-json\/wp\/v2\/media?parent=8335"}],"curies":[{"name":"wp","href":"https:\/\/api.w.org\/{rel}","templated":true}]}}