{"id":8333,"date":"2025-10-20T07:54:43","date_gmt":"2025-10-20T07:54:43","guid":{"rendered":"https:\/\/palicachem.com\/derives-de-la-8-hydroxyquinoline-solutions-biocides-a-large-spectre-et-de-stabilisation-des-formulations\/"},"modified":"2025-12-30T06:13:09","modified_gmt":"2025-12-30T06:13:09","slug":"derives-de-la-8-hydroxyquinoline-solutions-biocides-a-large-spectre-et-de-stabilisation-des-formulations","status":"publish","type":"page","link":"https:\/\/palicachem.com\/fr\/derives-de-la-8-hydroxyquinoline-solutions-biocides-a-large-spectre-et-de-stabilisation-des-formulations\/","title":{"rendered":"D\u00e9riv\u00e9s de la 8-Hydroxyquinoline \u2014 Solutions Biocides \u00e0 Large Spectre et de Stabilisation des Formulations"},"content":{"rendered":"\t\t<div data-elementor-type=\"wp-page\" data-elementor-id=\"8333\" class=\"elementor elementor-8333 elementor-8189\" data-elementor-post-type=\"page\">\n\t\t\t\t\t\t<section class=\"elementor-section elementor-top-section elementor-element elementor-element-06c4c5c elementor-section-full_width elementor-section-height-min-height elementor-section-items-stretch elementor-section-height-default\" data-id=\"06c4c5c\" data-element_type=\"section\" data-settings=\"{&quot;background_background&quot;:&quot;classic&quot;}\">\n\t\t\t\t\t\t\t<div class=\"elementor-background-overlay\"><\/div>\n\t\t\t\t\t\t\t<div class=\"elementor-container elementor-column-gap-no\">\n\t\t\t\t\t<div class=\"elementor-column elementor-col-100 elementor-top-column elementor-element elementor-element-4b5484c\" data-id=\"4b5484c\" data-element_type=\"column\">\n\t\t\t<div class=\"elementor-widget-wrap elementor-element-populated\">\n\t\t\t\t\t\t<div class=\"elementor-element elementor-element-57b16a3 elementor-widget elementor-widget-heading\" data-id=\"57b16a3\" data-element_type=\"widget\" data-widget_type=\"heading.default\">\n\t\t\t\t\t<h1 class=\"elementor-heading-title elementor-size-default\">Solutions Biocides \u00e0 Large Spectre et de Stabilisation des Formulations<\/h1>\t\t\t\t<\/div>\n\t\t\t\t<div class=\"elementor-element elementor-element-0f8a342 elementor-widget elementor-widget-heading\" data-id=\"0f8a342\" data-element_type=\"widget\" data-widget_type=\"heading.default\">\n\t\t\t\t\t<h3 class=\"elementor-heading-title elementor-size-default\">Secteurs d'activit\u00e9 &amp; Solutions &gt; D\u00e9riv\u00e9s de la 8-Hydroxyquinoline<\/h3>\t\t\t\t<\/div>\n\t\t\t\t\t<\/div>\n\t\t<\/div>\n\t\t\t\t\t<\/div>\n\t\t<\/section>\n\t\t\t\t<section class=\"elementor-section elementor-top-section elementor-element elementor-element-3464930 elementor-section-content-middle elementor-section-boxed elementor-section-height-default elementor-section-height-default\" data-id=\"3464930\" data-element_type=\"section\">\n\t\t\t\t\t\t<div class=\"elementor-container elementor-column-gap-no\">\n\t\t\t\t\t<div class=\"elementor-column elementor-col-50 elementor-top-column elementor-element elementor-element-3c8da4b\" data-id=\"3c8da4b\" data-element_type=\"column\">\n\t\t\t<div class=\"elementor-widget-wrap elementor-element-populated\">\n\t\t\t\t\t\t<div class=\"elementor-element elementor-element-0d06aa0 elementor-widget__width-initial elementor-widget elementor-widget-text-editor\" data-id=\"0d06aa0\" data-element_type=\"widget\" data-widget_type=\"text-editor.default\">\n\t\t\t\t\t\t\t\t\t<p>La 8-Hydroxyquinoline (8-HQ) est une mol\u00e9cule centrale reconnue pour ses exceptionnelles capacit\u00e9s ch\u00e9latrices et sa puissante activit\u00e9 biologique. Ses d\u00e9riv\u00e9s, tels que les sels de Sulfate et de Cuivre, constituent des piliers pour des applications \u00e0 haute valeur ajout\u00e9e dans les secteurs industriel, agricole et pharmaceutique. Cette valeur provient de leur double fonctionnalit\u00e9 unique : des propri\u00e9t\u00e9s antimicrobiennes, fongicides et anti-moisissures \u00e0 large spectre, ainsi qu&rsquo;une capacit\u00e9 indispensable de complexation (ch\u00e9latation) pour divers ions m\u00e9talliques.  <\/p><p>La s\u00e9rie de produits \u00e0 base de 8-Hydroxyquinoline de Palica Chem est sp\u00e9cialement con\u00e7ue pour les clients ayant besoin d&rsquo;un contr\u00f4le microbien pr\u00e9cis et d&rsquo;une stabilit\u00e9 sup\u00e9rieure dans des formulations exigeantes.<\/p>\t\t\t\t\t\t\t\t<\/div>\n\t\t\t\t\t<\/div>\n\t\t<\/div>\n\t\t\t\t<div class=\"elementor-column elementor-col-50 elementor-top-column elementor-element elementor-element-1160ca4\" data-id=\"1160ca4\" data-element_type=\"column\">\n\t\t\t<div class=\"elementor-widget-wrap elementor-element-populated\">\n\t\t\t\t\t\t<div class=\"elementor-element elementor-element-639c6d1 elementor-widget elementor-widget-image\" data-id=\"639c6d1\" data-element_type=\"widget\" data-widget_type=\"image.default\">\n\t\t\t\t\t\t\t\t\t\t\t\t\t\t\t<img fetchpriority=\"high\" decoding=\"async\" width=\"250\" height=\"290\" src=\"https:\/\/palicachem.com\/wp-content\/uploads\/2025\/10\/8-Hydroxyquinoline.png\" class=\"attachment-large size-large wp-image-8272\" alt=\"\" srcset=\"https:\/\/palicachem.com\/wp-content\/uploads\/2025\/10\/8-Hydroxyquinoline.png 250w, https:\/\/palicachem.com\/wp-content\/uploads\/2025\/10\/8-Hydroxyquinoline-100x116.png 100w\" sizes=\"(max-width: 250px) 100vw, 250px\" \/>\t\t\t\t\t\t\t\t\t\t\t\t\t\t\t<\/div>\n\t\t\t\t<div class=\"elementor-element elementor-element-6928a3c elementor-widget elementor-widget-heading\" data-id=\"6928a3c\" data-element_type=\"widget\" data-widget_type=\"heading.default\">\n\t\t\t\t\t<h3 class=\"elementor-heading-title elementor-size-default\"><a href=\"https:\/\/palicachem.com\/8-hydroxyquinoline\/\" target=\"_blank\">8-Hydroxyquinol\u00e9ine<\/a><\/h3>\t\t\t\t<\/div>\n\t\t\t\t\t<\/div>\n\t\t<\/div>\n\t\t\t\t\t<\/div>\n\t\t<\/section>\n\t\t\t\t<section class=\"elementor-section elementor-top-section elementor-element elementor-element-6b5c8a0a elementor-section-content-middle elementor-section-boxed elementor-section-height-default elementor-section-height-default\" data-id=\"6b5c8a0a\" data-element_type=\"section\">\n\t\t\t\t\t\t<div class=\"elementor-container elementor-column-gap-no\">\n\t\t\t\t\t<div class=\"elementor-column elementor-col-100 elementor-top-column elementor-element elementor-element-fcc6cdf\" data-id=\"fcc6cdf\" data-element_type=\"column\">\n\t\t\t<div class=\"elementor-widget-wrap elementor-element-populated\">\n\t\t\t\t\t\t<div class=\"elementor-element elementor-element-58e0c61c elementor-widget elementor-widget-heading\" data-id=\"58e0c61c\" data-element_type=\"widget\" data-widget_type=\"heading.default\">\n\t\t\t\t\t<h4 class=\"elementor-heading-title elementor-size-default\">Produits Phares<\/h4>\t\t\t\t<\/div>\n\t\t\t\t<section class=\"elementor-section elementor-inner-section elementor-element elementor-element-1c3a4aac elementor-section-content-middle elementor-section-boxed elementor-section-height-default elementor-section-height-default\" data-id=\"1c3a4aac\" data-element_type=\"section\">\n\t\t\t\t\t\t<div class=\"elementor-container elementor-column-gap-no\">\n\t\t\t\t\t<div class=\"elementor-column elementor-col-50 elementor-inner-column elementor-element elementor-element-35f19429\" data-id=\"35f19429\" data-element_type=\"column\">\n\t\t\t<div class=\"elementor-widget-wrap elementor-element-populated\">\n\t\t\t\t\t\t<div class=\"elementor-element elementor-element-5907c051 elementor-widget elementor-widget-heading\" data-id=\"5907c051\" data-element_type=\"widget\" data-widget_type=\"heading.default\">\n\t\t\t\t\t<h3 class=\"elementor-heading-title elementor-size-default\"><a href=\"https:\/\/palicachem.com\/chemicals\/8-hydroxyquinoline-sulfate\/\" target=\"_blank\">Sulfate de 8-hydroxyquinol\u00e9ine<\/a><\/h3>\t\t\t\t<\/div>\n\t\t\t\t<div class=\"elementor-element elementor-element-5b7134d elementor-widget elementor-widget-text-editor\" data-id=\"5b7134d\" data-element_type=\"widget\" data-widget_type=\"text-editor.default\">\n\t\t\t\t\t\t\t\t\t<p>(CAS: 134-31-6)<\/p>\t\t\t\t\t\t\t\t<\/div>\n\t\t\t\t<div class=\"elementor-element elementor-element-903ed22 elementor-widget elementor-widget-image\" data-id=\"903ed22\" data-element_type=\"widget\" data-widget_type=\"image.default\">\n\t\t\t\t\t\t\t\t\t\t\t\t\t\t\t<img decoding=\"async\" width=\"426\" height=\"230\" src=\"https:\/\/palicachem.com\/wp-content\/uploads\/2025\/10\/8-hydroxyquinoline-sulfate-1.png\" class=\"attachment-medium_large size-medium_large wp-image-8290\" alt=\"\" srcset=\"https:\/\/palicachem.com\/wp-content\/uploads\/2025\/10\/8-hydroxyquinoline-sulfate-1.png 426w, https:\/\/palicachem.com\/wp-content\/uploads\/2025\/10\/8-hydroxyquinoline-sulfate-1-300x162.png 300w, https:\/\/palicachem.com\/wp-content\/uploads\/2025\/10\/8-hydroxyquinoline-sulfate-1-100x54.png 100w\" sizes=\"(max-width: 426px) 100vw, 426px\" \/>\t\t\t\t\t\t\t\t\t\t\t\t\t\t\t<\/div>\n\t\t\t\t<div class=\"elementor-element elementor-element-2538cf6b elementor-widget elementor-widget-text-editor\" data-id=\"2538cf6b\" data-element_type=\"widget\" data-widget_type=\"text-editor.default\">\n\t\t\t\t\t\t\t\t\t<p>Solubilit\u00e9 aqueuse excellente, activit\u00e9 antibact\u00e9rienne et antifongique \u00e0 large spectre puissante ; ch\u00e9lation efficace des m\u00e9taux pour stabiliser les formulations sensibles (par exemple, les peroxydes) ; usage antiseptique externe.<\/p>\t\t\t\t\t\t\t\t<\/div>\n\t\t\t\t\t<\/div>\n\t\t<\/div>\n\t\t\t\t<div class=\"elementor-column elementor-col-50 elementor-inner-column elementor-element elementor-element-5f2d8c1b\" data-id=\"5f2d8c1b\" data-element_type=\"column\">\n\t\t\t<div class=\"elementor-widget-wrap elementor-element-populated\">\n\t\t\t\t\t\t<div class=\"elementor-element elementor-element-353aab42 elementor-widget elementor-widget-heading\" data-id=\"353aab42\" data-element_type=\"widget\" data-widget_type=\"heading.default\">\n\t\t\t\t\t<h3 class=\"elementor-heading-title elementor-size-default\"><a href=\"https:\/\/palicachem.com\/copper-8-hydroxyquinolineoxine-copper\/\" target=\"_blank\">Cuivre 8-Hydroxyquinoline (Oxine-Cuivre)<\/a><\/h3>\t\t\t\t<\/div>\n\t\t\t\t<div class=\"elementor-element elementor-element-95fd49d elementor-widget elementor-widget-text-editor\" data-id=\"95fd49d\" data-element_type=\"widget\" data-widget_type=\"text-editor.default\">\n\t\t\t\t\t\t\t\t\t<p>(CAS: 10380-28-6)<\/p>\t\t\t\t\t\t\t\t<\/div>\n\t\t\t\t<div class=\"elementor-element elementor-element-f725813 elementor-widget elementor-widget-image\" data-id=\"f725813\" data-element_type=\"widget\" data-widget_type=\"image.default\">\n\t\t\t\t\t\t\t\t\t\t\t\t\t\t\t<img decoding=\"async\" width=\"426\" height=\"230\" src=\"https:\/\/palicachem.com\/wp-content\/uploads\/2025\/10\/copper-8-hydroxyquinoline-1.png\" class=\"attachment-medium_large size-medium_large wp-image-8299\" alt=\"\" srcset=\"https:\/\/palicachem.com\/wp-content\/uploads\/2025\/10\/copper-8-hydroxyquinoline-1.png 426w, https:\/\/palicachem.com\/wp-content\/uploads\/2025\/10\/copper-8-hydroxyquinoline-1-300x162.png 300w, https:\/\/palicachem.com\/wp-content\/uploads\/2025\/10\/copper-8-hydroxyquinoline-1-100x54.png 100w\" sizes=\"(max-width: 426px) 100vw, 426px\" \/>\t\t\t\t\t\t\t\t\t\t\t\t\t\t\t<\/div>\n\t\t\t\t<div class=\"elementor-element elementor-element-13310e27 elementor-widget elementor-widget-text-editor\" data-id=\"13310e27\" data-element_type=\"widget\" data-widget_type=\"text-editor.default\">\n\t\t\t\t\t\t\t\t\t<p>Lipophilie et durabilit\u00e9 sup\u00e9rieures ; agit comme un biocide non lessivable avec une inhibition exceptionnelle des micro-organismes industriels et des moisissures ; largement utilis\u00e9 pour la protection du bois, du cuir et de la toile.<\/p>\t\t\t\t\t\t\t\t<\/div>\n\t\t\t\t\t<\/div>\n\t\t<\/div>\n\t\t\t\t\t<\/div>\n\t\t<\/section>\n\t\t\t\t\t<\/div>\n\t\t<\/div>\n\t\t\t\t\t<\/div>\n\t\t<\/section>\n\t\t\t\t<section class=\"elementor-section elementor-top-section elementor-element elementor-element-e07a801 elementor-section-content-middle elementor-hidden-desktop elementor-hidden-tablet elementor-hidden-mobile elementor-section-boxed elementor-section-height-default elementor-section-height-default\" data-id=\"e07a801\" data-element_type=\"section\">\n\t\t\t\t\t\t<div class=\"elementor-container elementor-column-gap-no\">\n\t\t\t\t\t<div class=\"elementor-column elementor-col-100 elementor-top-column elementor-element elementor-element-af96f95\" data-id=\"af96f95\" data-element_type=\"column\">\n\t\t\t<div class=\"elementor-widget-wrap elementor-element-populated\">\n\t\t\t\t\t\t<section class=\"elementor-section elementor-inner-section elementor-element elementor-element-c80c067 elementor-section-boxed elementor-section-height-default elementor-section-height-default\" data-id=\"c80c067\" data-element_type=\"section\">\n\t\t\t\t\t\t<div class=\"elementor-container elementor-column-gap-default\">\n\t\t\t\t\t<div class=\"elementor-column elementor-col-50 elementor-inner-column elementor-element elementor-element-7db22ca\" data-id=\"7db22ca\" data-element_type=\"column\">\n\t\t\t<div class=\"elementor-widget-wrap elementor-element-populated\">\n\t\t\t\t\t\t<div class=\"elementor-element elementor-element-f67edd6 elementor-widget__width-initial elementor-widget elementor-widget-text-editor\" data-id=\"f67edd6\" data-element_type=\"widget\" data-widget_type=\"text-editor.default\">\n\t\t\t\t\t\t\t\t\t<p>L&rsquo;Oxine-Cuivre est un fongicide et agent anti-moisissure hautement efficace et non lessivable. Cette poudre cristalline vert-jaune est appr\u00e9ci\u00e9e pour son insolubilit\u00e9 dans l&rsquo;eau et sa durabilit\u00e9 sup\u00e9rieure. C&rsquo;est la solution de r\u00e9f\u00e9rence pour la protection \u00e0 long terme des textiles, du bois, des peintures et des cordes contre la d\u00e9gradation microbienne.  <\/p>\t\t\t\t\t\t\t\t<\/div>\n\t\t\t\t<div class=\"elementor-element elementor-element-0d86c7a elementor-align-right elementor-widget elementor-widget-button\" data-id=\"0d86c7a\" data-element_type=\"widget\" data-widget_type=\"button.default\">\n\t\t\t\t\t\t\t\t\t\t<a class=\"elementor-button elementor-button-link elementor-size-sm\" href=\"https:\/\/palicachem.com\/fr\/chemicals\/sulfate-de-8-hydroxyquinoleine\/\" target=\"_blank\">\n\t\t\t\t\t\t<span class=\"elementor-button-content-wrapper\">\n\t\t\t\t\t\t\t\t\t<span class=\"elementor-button-text\">More Details<\/span>\n\t\t\t\t\t<\/span>\n\t\t\t\t\t<\/a>\n\t\t\t\t\t\t\t\t<\/div>\n\t\t\t\t\t<\/div>\n\t\t<\/div>\n\t\t\t\t<div class=\"elementor-column elementor-col-50 elementor-inner-column elementor-element elementor-element-71b208b\" data-id=\"71b208b\" data-element_type=\"column\">\n\t\t\t<div class=\"elementor-widget-wrap elementor-element-populated\">\n\t\t\t\t\t\t<div class=\"elementor-element elementor-element-d8ee0ce elementor-widget elementor-widget-heading\" data-id=\"d8ee0ce\" data-element_type=\"widget\" data-widget_type=\"heading.default\">\n\t\t\t\t\t<h2 class=\"elementor-heading-title elementor-size-default\">Sulfate de 8-hydroxyquinol\u00e9ine<\/h2>\t\t\t\t<\/div>\n\t\t\t\t<div class=\"elementor-element elementor-element-af6b21d elementor-widget__width-initial elementor-widget elementor-widget-text-editor\" data-id=\"af6b21d\" data-element_type=\"widget\" data-widget_type=\"text-editor.default\">\n\t\t\t\t\t\t\t\t\tLe Quinosol est un antiseptique hautement efficace et un fongicide syst\u00e9mique. C&rsquo;est un d\u00e9riv\u00e9 quinolinique polyvalent reconnu pour ses exceptionnelles capacit\u00e9s de ch\u00e9lation des m\u00e9taux. Cette poudre cristalline jaune p\u00e2le est largement utilis\u00e9e comme d\u00e9sinfectant et agent de conservation dans diverses applications pharmaceutiques et agricoles, garantissant la stabilit\u00e9 des produits et le contr\u00f4le microbien.  \t\t\t\t\t\t\t\t<\/div>\n\t\t\t\t<div class=\"elementor-element elementor-element-64214ed elementor-align-right elementor-widget elementor-widget-button\" data-id=\"64214ed\" data-element_type=\"widget\" data-widget_type=\"button.default\">\n\t\t\t\t\t\t\t\t\t\t<a class=\"elementor-button elementor-button-link elementor-size-sm\" href=\"https:\/\/palicachem.com\/fr\/parylene-n\/\" target=\"_blank\">\n\t\t\t\t\t\t<span class=\"elementor-button-content-wrapper\">\n\t\t\t\t\t\t\t\t\t<span class=\"elementor-button-text\">More Details<\/span>\n\t\t\t\t\t<\/span>\n\t\t\t\t\t<\/a>\n\t\t\t\t\t\t\t\t<\/div>\n\t\t\t\t\t<\/div>\n\t\t<\/div>\n\t\t\t\t\t<\/div>\n\t\t<\/section>\n\t\t\t\t\t<\/div>\n\t\t<\/div>\n\t\t\t\t\t<\/div>\n\t\t<\/section>\n\t\t\t\t<section class=\"elementor-section elementor-top-section elementor-element elementor-element-8e7cf60 elementor-section-content-middle elementor-hidden-desktop elementor-hidden-tablet elementor-hidden-mobile elementor-section-boxed elementor-section-height-default elementor-section-height-default\" data-id=\"8e7cf60\" data-element_type=\"section\">\n\t\t\t\t\t\t<div class=\"elementor-container elementor-column-gap-no\">\n\t\t\t\t\t<div class=\"elementor-column elementor-col-100 elementor-top-column elementor-element elementor-element-7fb4232\" data-id=\"7fb4232\" data-element_type=\"column\">\n\t\t\t<div class=\"elementor-widget-wrap elementor-element-populated\">\n\t\t\t\t\t\t<section class=\"elementor-section elementor-inner-section elementor-element elementor-element-a8eb2bb elementor-section-boxed elementor-section-height-default elementor-section-height-default\" data-id=\"a8eb2bb\" data-element_type=\"section\">\n\t\t\t\t\t\t<div class=\"elementor-container elementor-column-gap-default\">\n\t\t\t\t\t<div class=\"elementor-column elementor-col-50 elementor-inner-column elementor-element elementor-element-f1bfe11\" data-id=\"f1bfe11\" data-element_type=\"column\">\n\t\t\t<div class=\"elementor-widget-wrap\">\n\t\t\t\t\t\t\t<\/div>\n\t\t<\/div>\n\t\t\t\t<div class=\"elementor-column elementor-col-50 elementor-inner-column elementor-element elementor-element-baa80e9\" data-id=\"baa80e9\" data-element_type=\"column\">\n\t\t\t<div class=\"elementor-widget-wrap elementor-element-populated\">\n\t\t\t\t\t\t<div class=\"elementor-element elementor-element-49ebff5 elementor-widget__width-initial elementor-widget elementor-widget-text-editor\" data-id=\"49ebff5\" data-element_type=\"widget\" data-widget_type=\"text-editor.default\">\n\t\t\t\t\t\t\t\t\t<p>Long-Lasting Industrial Mildew &amp; Protectant<\/p>\t\t\t\t\t\t\t\t<\/div>\n\t\t\t\t\t<\/div>\n\t\t<\/div>\n\t\t\t\t\t<\/div>\n\t\t<\/section>\n\t\t\t\t\t<\/div>\n\t\t<\/div>\n\t\t\t\t\t<\/div>\n\t\t<\/section>\n\t\t\t\t<section class=\"elementor-section elementor-top-section elementor-element elementor-element-2cd00b7 elementor-section-content-middle elementor-hidden-desktop elementor-hidden-tablet elementor-hidden-mobile elementor-section-boxed elementor-section-height-default elementor-section-height-default\" data-id=\"2cd00b7\" data-element_type=\"section\">\n\t\t\t\t\t\t<div class=\"elementor-container elementor-column-gap-no\">\n\t\t\t\t\t<div class=\"elementor-column elementor-col-100 elementor-top-column elementor-element elementor-element-9350735\" data-id=\"9350735\" data-element_type=\"column\">\n\t\t\t<div class=\"elementor-widget-wrap elementor-element-populated\">\n\t\t\t\t\t\t<section class=\"elementor-section elementor-inner-section elementor-element elementor-element-cbb170e elementor-section-boxed elementor-section-height-default elementor-section-height-default\" data-id=\"cbb170e\" data-element_type=\"section\">\n\t\t\t\t\t\t<div class=\"elementor-container elementor-column-gap-default\">\n\t\t\t\t\t<div class=\"elementor-column elementor-col-50 elementor-inner-column elementor-element elementor-element-8bce33a\" data-id=\"8bce33a\" data-element_type=\"column\">\n\t\t\t<div class=\"elementor-widget-wrap elementor-element-populated\">\n\t\t\t\t\t\t<div class=\"elementor-element elementor-element-0576ba8 elementor-widget elementor-widget-heading\" data-id=\"0576ba8\" data-element_type=\"widget\" data-widget_type=\"heading.default\">\n\t\t\t\t\t<h2 class=\"elementor-heading-title elementor-size-default\">Sulfate de 8-hydroxyquinol\u00e9ine<\/h2>\t\t\t\t<\/div>\n\t\t\t\t\t<\/div>\n\t\t<\/div>\n\t\t\t\t<div class=\"elementor-column elementor-col-50 elementor-inner-column elementor-element elementor-element-f012c0f\" data-id=\"f012c0f\" data-element_type=\"column\">\n\t\t\t<div class=\"elementor-widget-wrap elementor-element-populated\">\n\t\t\t\t\t\t<div class=\"elementor-element elementor-element-04dbb1e elementor-widget__width-initial elementor-widget elementor-widget-text-editor\" data-id=\"04dbb1e\" data-element_type=\"widget\" data-widget_type=\"text-editor.default\">\n\t\t\t\t\t\t\t\t\t<p>Highly Soluble Antiseptic &amp; Chelating Agent<\/p>\t\t\t\t\t\t\t\t<\/div>\n\t\t\t\t\t<\/div>\n\t\t<\/div>\n\t\t\t\t\t<\/div>\n\t\t<\/section>\n\t\t\t\t\t<\/div>\n\t\t<\/div>\n\t\t\t\t\t<\/div>\n\t\t<\/section>\n\t\t\t\t<\/div>\n\t\t","protected":false},"excerpt":{"rendered":"<p>Solutions Biocides \u00e0 Large Spectre et de Stabilisation des Formulations Secteurs d&rsquo;activit\u00e9 &amp; Solutions &gt; D\u00e9riv\u00e9s de la 8-Hydroxyquinoline La 8-Hydroxyquinoline (8-HQ) est une mol\u00e9cule centrale reconnue pour ses exceptionnelles capacit\u00e9s ch\u00e9latrices et sa puissante activit\u00e9 biologique. Ses d\u00e9riv\u00e9s, tels que les sels de Sulfate et de Cuivre, constituent des piliers pour des applications \u00e0&#8230;<\/p>\n","protected":false},"author":1,"featured_media":0,"parent":0,"menu_order":0,"comment_status":"closed","ping_status":"closed","template":"","meta":{"_acf_changed":false,"_kadence_starter_templates_imported_post":false,"_kad_post_transparent":"","_kad_post_title":"","_kad_post_layout":"","_kad_post_sidebar_id":"","_kad_post_content_style":"","_kad_post_vertical_padding":"","_kad_post_feature":"","_kad_post_feature_position":"","_kad_post_header":false,"_kad_post_footer":false,"footnotes":""},"class_list":["post-8333","page","type-page","status-publish","hentry"],"acf":[],"_links":{"self":[{"href":"https:\/\/palicachem.com\/fr\/wp-json\/wp\/v2\/pages\/8333","targetHints":{"allow":["GET"]}}],"collection":[{"href":"https:\/\/palicachem.com\/fr\/wp-json\/wp\/v2\/pages"}],"about":[{"href":"https:\/\/palicachem.com\/fr\/wp-json\/wp\/v2\/types\/page"}],"author":[{"embeddable":true,"href":"https:\/\/palicachem.com\/fr\/wp-json\/wp\/v2\/users\/1"}],"replies":[{"embeddable":true,"href":"https:\/\/palicachem.com\/fr\/wp-json\/wp\/v2\/comments?post=8333"}],"version-history":[{"count":3,"href":"https:\/\/palicachem.com\/fr\/wp-json\/wp\/v2\/pages\/8333\/revisions"}],"predecessor-version":[{"id":8746,"href":"https:\/\/palicachem.com\/fr\/wp-json\/wp\/v2\/pages\/8333\/revisions\/8746"}],"wp:attachment":[{"href":"https:\/\/palicachem.com\/fr\/wp-json\/wp\/v2\/media?parent=8333"}],"curies":[{"name":"wp","href":"https:\/\/api.w.org\/{rel}","templated":true}]}}