{"id":4492,"date":"2024-09-26T03:17:24","date_gmt":"2024-09-26T03:17:24","guid":{"rendered":"https:\/\/palicachem.com\/dodecil-mercaptano-terciario\/"},"modified":"2025-10-17T06:42:02","modified_gmt":"2025-10-17T06:42:02","slug":"dodecil-mercaptano-terciario","status":"publish","type":"page","link":"https:\/\/palicachem.com\/pt-br\/dodecil-mercaptano-terciario\/","title":{"rendered":"Dodecil mercaptano terci\u00e1rio"},"content":{"rendered":"\t\t<div data-elementor-type=\"wp-page\" data-elementor-id=\"4492\" class=\"elementor elementor-4492 elementor-4440\" data-elementor-post-type=\"page\">\n\t\t\t\t\t\t<section class=\"elementor-section elementor-top-section elementor-element elementor-element-d635d30 elementor-section-boxed elementor-section-height-default elementor-section-height-default\" data-id=\"d635d30\" data-element_type=\"section\">\n\t\t\t\t\t\t<div class=\"elementor-container elementor-column-gap-default\">\n\t\t\t\t\t<div class=\"elementor-column elementor-col-100 elementor-top-column elementor-element elementor-element-83f0490\" data-id=\"83f0490\" data-element_type=\"column\">\n\t\t\t<div class=\"elementor-widget-wrap elementor-element-populated\">\n\t\t\t\t\t\t<div class=\"elementor-element elementor-element-9e36979 elementor-widget elementor-widget-heading\" data-id=\"9e36979\" data-element_type=\"widget\" data-widget_type=\"heading.default\">\n\t\t\t\t\t<h2 class=\"elementor-heading-title elementor-size-default\">Dodecil mercaptano terci\u00e1rio (TDM)<\/h2>\t\t\t\t<\/div>\n\t\t\t\t<div class=\"elementor-element elementor-element-fe5b59c elementor-widget-divider--view-line elementor-widget elementor-widget-divider\" data-id=\"fe5b59c\" data-element_type=\"widget\" data-widget_type=\"divider.default\">\n\t\t\t\t\t\t\t<div class=\"elementor-divider\">\n\t\t\t<span class=\"elementor-divider-separator\">\n\t\t\t\t\t\t<\/span>\n\t\t<\/div>\n\t\t\t\t\t\t<\/div>\n\t\t\t\t\t<\/div>\n\t\t<\/div>\n\t\t\t\t\t<\/div>\n\t\t<\/section>\n\t\t\t\t<section class=\"elementor-section elementor-top-section elementor-element elementor-element-f895a43 elementor-section-boxed elementor-section-height-default elementor-section-height-default\" data-id=\"f895a43\" data-element_type=\"section\">\n\t\t\t\t\t\t<div class=\"elementor-container elementor-column-gap-default\">\n\t\t\t\t\t<div class=\"elementor-column elementor-col-33 elementor-top-column elementor-element elementor-element-ecdf732\" data-id=\"ecdf732\" data-element_type=\"column\">\n\t\t\t<div class=\"elementor-widget-wrap elementor-element-populated\">\n\t\t\t\t\t\t<div class=\"elementor-element elementor-element-7b54e4d elementor-widget elementor-widget-image\" data-id=\"7b54e4d\" data-element_type=\"widget\" data-widget_type=\"image.default\">\n\t\t\t\t\t\t\t\t\t\t\t\t\t\t\t<img decoding=\"async\" width=\"200\" height=\"200\" src=\"https:\/\/palicachem.com\/wp-content\/uploads\/2024\/09\/polymer.png\" class=\"attachment-medium_large size-medium_large wp-image-4460\" alt=\"Tertiary Dodecyl Mercaptan\" srcset=\"https:\/\/palicachem.com\/wp-content\/uploads\/2024\/09\/polymer.png 200w, https:\/\/palicachem.com\/wp-content\/uploads\/2024\/09\/polymer-150x150.png 150w, https:\/\/palicachem.com\/wp-content\/uploads\/2024\/09\/polymer-100x100.png 100w, https:\/\/palicachem.com\/wp-content\/uploads\/2024\/09\/polymer-64x64.png 64w\" sizes=\"(max-width: 200px) 100vw, 200px\" \/>\t\t\t\t\t\t\t\t\t\t\t\t\t\t\t<\/div>\n\t\t\t\t\t<\/div>\n\t\t<\/div>\n\t\t\t\t<div class=\"elementor-column elementor-col-33 elementor-top-column elementor-element elementor-element-6632d5e\" data-id=\"6632d5e\" data-element_type=\"column\">\n\t\t\t<div class=\"elementor-widget-wrap elementor-element-populated\">\n\t\t\t\t\t\t<section class=\"elementor-section elementor-inner-section elementor-element elementor-element-7e87b0c elementor-section-boxed elementor-section-height-default elementor-section-height-default\" data-id=\"7e87b0c\" data-element_type=\"section\">\n\t\t\t\t\t\t<div class=\"elementor-container elementor-column-gap-default\">\n\t\t\t\t\t<div class=\"elementor-column elementor-col-50 elementor-inner-column elementor-element elementor-element-df16c18\" data-id=\"df16c18\" data-element_type=\"column\">\n\t\t\t<div class=\"elementor-widget-wrap elementor-element-populated\">\n\t\t\t\t\t\t<div class=\"elementor-element elementor-element-47d7f3c elementor-widget elementor-widget-heading\" data-id=\"47d7f3c\" data-element_type=\"widget\" data-widget_type=\"heading.default\">\n\t\t\t\t\t<h1 class=\"elementor-heading-title elementor-size-default\">CAS 25103-58-6<\/h1>\t\t\t\t<\/div>\n\t\t\t\t\t<\/div>\n\t\t<\/div>\n\t\t\t\t<div class=\"elementor-column elementor-col-50 elementor-inner-column elementor-element elementor-element-a794767\" data-id=\"a794767\" data-element_type=\"column\">\n\t\t\t<div class=\"elementor-widget-wrap elementor-element-populated\">\n\t\t\t\t\t\t<div class=\"elementor-element elementor-element-06008fc elementor-widget elementor-widget-text-editor\" data-id=\"06008fc\" data-element_type=\"widget\" data-widget_type=\"text-editor.default\">\n\t\t\t\t\t\t\t\t\t<p><strong>L\u00edquido incolor<\/strong><\/p>\t\t\t\t\t\t\t\t<\/div>\n\t\t\t\t\t<\/div>\n\t\t<\/div>\n\t\t\t\t\t<\/div>\n\t\t<\/section>\n\t\t\t\t<div class=\"elementor-element elementor-element-c3e5d4c elementor-widget elementor-widget-text-editor\" data-id=\"c3e5d4c\" data-element_type=\"widget\" data-widget_type=\"text-editor.default\">\n\t\t\t\t\t\t\t\t\t<p>O terci\u00e1rio dodecil mercaptano (TDM), tamb\u00e9m conhecido como terc-dodecil mercaptano, \u00e9 um agente de transfer\u00eancia de cadeia de alta pureza essencial para otimizar a qualidade do pol\u00edmero. Como fabricante principal, fornecemos TDM para o controle preciso do peso molecular na polimeriza\u00e7\u00e3o em emuls\u00e3o. O TDM \u00e9 amplamente utilizado na produ\u00e7\u00e3o de l\u00e1tex SB, borracha SB e resinas ABS para garantir desempenho consistente, viscosidade superior e resist\u00eancia mec\u00e2nica aprimorada nos materiais finais.  <\/p>\t\t\t\t\t\t\t\t<\/div>\n\t\t\t\t\t<\/div>\n\t\t<\/div>\n\t\t\t\t<div class=\"elementor-column elementor-col-33 elementor-top-column elementor-element elementor-element-c94a361\" data-id=\"c94a361\" data-element_type=\"column\">\n\t\t\t<div class=\"elementor-widget-wrap elementor-element-populated\">\n\t\t\t\t\t\t<div class=\"elementor-element elementor-element-83a0fd1 elementor-widget elementor-widget-heading\" data-id=\"83a0fd1\" data-element_type=\"widget\" data-widget_type=\"heading.default\">\n\t\t\t\t\t<p class=\"elementor-heading-title elementor-size-default\">MSDS<\/p>\t\t\t\t<\/div>\n\t\t\t\t\t<\/div>\n\t\t<\/div>\n\t\t\t\t\t<\/div>\n\t\t<\/section>\n\t\t\t\t<section class=\"elementor-section elementor-top-section elementor-element elementor-element-fa902a8 elementor-section-content-middle elementor-section-boxed elementor-section-height-default elementor-section-height-default\" data-id=\"fa902a8\" data-element_type=\"section\">\n\t\t\t\t\t\t<div class=\"elementor-container elementor-column-gap-no\">\n\t\t\t\t\t<div class=\"elementor-column elementor-col-100 elementor-top-column elementor-element elementor-element-81c4c08\" data-id=\"81c4c08\" data-element_type=\"column\">\n\t\t\t<div class=\"elementor-widget-wrap elementor-element-populated\">\n\t\t\t\t\t\t<div class=\"elementor-element elementor-element-9fd1fdc elementor-widget elementor-widget-heading\" data-id=\"9fd1fdc\" data-element_type=\"widget\" data-widget_type=\"heading.default\">\n\t\t\t\t\t<h4 class=\"elementor-heading-title elementor-size-default\">Embalagem<\/h4>\t\t\t\t<\/div>\n\t\t\t\t<section class=\"elementor-section elementor-inner-section elementor-element elementor-element-766510d elementor-section-boxed elementor-section-height-default elementor-section-height-default\" data-id=\"766510d\" data-element_type=\"section\">\n\t\t\t\t\t\t<div class=\"elementor-container elementor-column-gap-default\">\n\t\t\t\t\t<div class=\"elementor-column elementor-col-50 elementor-inner-column elementor-element elementor-element-b0f584b\" data-id=\"b0f584b\" data-element_type=\"column\">\n\t\t\t<div class=\"elementor-widget-wrap elementor-element-populated\">\n\t\t\t\t\t\t<div class=\"elementor-element elementor-element-2059b9c elementor-widget elementor-widget-image\" data-id=\"2059b9c\" data-element_type=\"widget\" data-widget_type=\"image.default\">\n\t\t\t\t\t\t\t\t\t\t\t\t<figure class=\"wp-caption\">\n\t\t\t\t\t\t\t\t\t\t<img decoding=\"async\" width=\"200\" height=\"200\" src=\"https:\/\/palicachem.com\/wp-content\/uploads\/2024\/02\/Drum-200-200.png\" class=\"attachment-large size-large wp-image-4152\" alt=\"Tertiary Dodecyl Mercaptan Barrel\" srcset=\"https:\/\/palicachem.com\/wp-content\/uploads\/2024\/02\/Drum-200-200.png 200w, https:\/\/palicachem.com\/wp-content\/uploads\/2024\/02\/Drum-200-200-150x150.png 150w, https:\/\/palicachem.com\/wp-content\/uploads\/2024\/02\/Drum-200-200-100x100.png 100w, https:\/\/palicachem.com\/wp-content\/uploads\/2024\/02\/Drum-200-200-64x64.png 64w\" sizes=\"(max-width: 200px) 100vw, 200px\" \/>\t\t\t\t\t\t\t\t\t\t\t<figcaption class=\"widget-image-caption wp-caption-text\">Barril de 200 litros<\/figcaption>\n\t\t\t\t\t\t\t\t\t\t<\/figure>\n\t\t\t\t\t\t\t\t\t<\/div>\n\t\t\t\t\t<\/div>\n\t\t<\/div>\n\t\t\t\t<div class=\"elementor-column elementor-col-50 elementor-inner-column elementor-element elementor-element-68e599f\" data-id=\"68e599f\" data-element_type=\"column\">\n\t\t\t<div class=\"elementor-widget-wrap elementor-element-populated\">\n\t\t\t\t\t\t<div class=\"elementor-element elementor-element-c1670b1 elementor-widget elementor-widget-image\" data-id=\"c1670b1\" data-element_type=\"widget\" data-widget_type=\"image.default\">\n\t\t\t\t\t\t\t\t\t\t\t\t<figure class=\"wp-caption\">\n\t\t\t\t\t\t\t\t\t\t<img decoding=\"async\" width=\"200\" height=\"200\" src=\"https:\/\/palicachem.com\/wp-content\/uploads\/2024\/02\/ISO-Tanks.png\" class=\"attachment-large size-large wp-image-4158\" alt=\"\" srcset=\"https:\/\/palicachem.com\/wp-content\/uploads\/2024\/02\/ISO-Tanks.png 200w, https:\/\/palicachem.com\/wp-content\/uploads\/2024\/02\/ISO-Tanks-150x150.png 150w, https:\/\/palicachem.com\/wp-content\/uploads\/2024\/02\/ISO-Tanks-100x100.png 100w, https:\/\/palicachem.com\/wp-content\/uploads\/2024\/02\/ISO-Tanks-64x64.png 64w\" sizes=\"(max-width: 200px) 100vw, 200px\" \/>\t\t\t\t\t\t\t\t\t\t\t<figcaption class=\"widget-image-caption wp-caption-text\">ISO Tank<\/figcaption>\n\t\t\t\t\t\t\t\t\t\t<\/figure>\n\t\t\t\t\t\t\t\t\t<\/div>\n\t\t\t\t\t<\/div>\n\t\t<\/div>\n\t\t\t\t\t<\/div>\n\t\t<\/section>\n\t\t\t\t\t<\/div>\n\t\t<\/div>\n\t\t\t\t\t<\/div>\n\t\t<\/section>\n\t\t\t\t<section class=\"elementor-section elementor-top-section elementor-element elementor-element-494a260 elementor-section-boxed elementor-section-height-default elementor-section-height-default elementor-invisible\" data-id=\"494a260\" data-element_type=\"section\" data-settings=\"{&quot;animation&quot;:&quot;fadeInDown&quot;}\">\n\t\t\t\t\t\t<div class=\"elementor-container elementor-column-gap-default\">\n\t\t\t\t\t<div class=\"elementor-column elementor-col-100 elementor-top-column elementor-element elementor-element-f299c86\" data-id=\"f299c86\" data-element_type=\"column\">\n\t\t\t<div class=\"elementor-widget-wrap elementor-element-populated\">\n\t\t\t\t\t\t<div class=\"elementor-element elementor-element-1a01e14 elementor-widget elementor-widget-heading\" data-id=\"1a01e14\" data-element_type=\"widget\" data-widget_type=\"heading.default\">\n\t\t\t\t\t<h4 class=\"elementor-heading-title elementor-size-default\">Sua nova op\u00e7\u00e3o para TDM<\/h4>\t\t\t\t<\/div>\n\t\t\t\t<div class=\"elementor-element elementor-element-af0d268 elementor-widget elementor-widget-text-editor\" data-id=\"af0d268\" data-element_type=\"widget\" data-widget_type=\"text-editor.default\">\n\t\t\t\t\t\t\t\t\t<p>Temos orgulho de ser um dos poucos fabricantes globais de TDM (Tertiary Dodecyl Mercaptan), um composto qu\u00edmico de alta qualidade conhecido por sua versatilidade e efic\u00e1cia em v\u00e1rias aplica\u00e7\u00f5es.<\/p>\t\t\t\t\t\t\t\t<\/div>\n\t\t\t\t<div class=\"elementor-element elementor-element-c29c08e elementor-align-center elementor-widget elementor-widget-button\" data-id=\"c29c08e\" data-element_type=\"widget\" data-widget_type=\"button.default\">\n\t\t\t\t\t\t\t\t\t\t<a class=\"elementor-button elementor-button-link elementor-size-sm elementor-animation-grow\" href=\"mailto:info@palica.com.cn\">\n\t\t\t\t\t\t<span class=\"elementor-button-content-wrapper\">\n\t\t\t\t\t\t\t\t\t<span class=\"elementor-button-text\">Envie-nos um e-mail para obter mais detalhes<\/span>\n\t\t\t\t\t<\/span>\n\t\t\t\t\t<\/a>\n\t\t\t\t\t\t\t\t<\/div>\n\t\t\t\t\t<\/div>\n\t\t<\/div>\n\t\t\t\t\t<\/div>\n\t\t<\/section>\n\t\t\t\t<section class=\"elementor-section elementor-top-section elementor-element elementor-element-e169ee9 elementor-section-boxed elementor-section-height-default elementor-section-height-default\" data-id=\"e169ee9\" data-element_type=\"section\">\n\t\t\t\t\t\t<div class=\"elementor-container elementor-column-gap-default\">\n\t\t\t\t\t<div class=\"elementor-column elementor-col-100 elementor-top-column elementor-element elementor-element-4e01357\" data-id=\"4e01357\" data-element_type=\"column\">\n\t\t\t<div class=\"elementor-widget-wrap elementor-element-populated\">\n\t\t\t\t\t\t<div class=\"elementor-element elementor-element-a80dcc0 elementor-widget elementor-widget-menu-anchor\" data-id=\"a80dcc0\" data-element_type=\"widget\" data-widget_type=\"menu-anchor.default\">\n\t\t\t\t\t\t\t<div class=\"elementor-menu-anchor\" id=\"tht-quote\"><\/div>\n\t\t\t\t\t\t<\/div>\n\t\t\t\t<div class=\"elementor-element elementor-element-59c4d97 elementor-widget elementor-widget-heading\" data-id=\"59c4d97\" data-element_type=\"widget\" data-widget_type=\"heading.default\">\n\t\t\t\t\t<h1 class=\"elementor-heading-title elementor-size-default\">Obtenha uma cota\u00e7\u00e3o agora<\/h1>\t\t\t\t<\/div>\n\t\t\t\t<div class=\"elementor-element elementor-element-3260229 elementor-button-align-stretch elementor-widget elementor-widget-form\" data-id=\"3260229\" data-element_type=\"widget\" data-settings=\"{&quot;step_next_label&quot;:&quot;Pr\\u00f3ximo&quot;,&quot;step_previous_label&quot;:&quot;Anterior&quot;,&quot;step_type&quot;:&quot;number_text&quot;,&quot;step_icon_shape&quot;:&quot;circle&quot;}\" data-widget_type=\"form.default\">\n\t\t\t\t\t\t\t<form class=\"elementor-form\" method=\"post\" name=\"Inquiry Form\" aria-label=\"Inquiry Form\">\n\t\t\t<input type=\"hidden\" name=\"post_id\" value=\"4492\"\/>\n\t\t\t<input type=\"hidden\" name=\"form_id\" value=\"3260229\"\/>\n\t\t\t<input type=\"hidden\" name=\"referer_title\" value=\"Dodecil Mercaptano Terci\u00e1rio (TDM) Fabricante e fornecedor | CAS 25103-58-6 | Palica Chem\" \/>\n\n\t\t\t\t\t\t\t<input type=\"hidden\" name=\"queried_id\" value=\"4492\"\/>\n\t\t\t\n\t\t\t<div class=\"elementor-form-fields-wrapper elementor-labels-above\">\n\t\t\t\t\t\t\t\t<div class=\"elementor-field-type-text elementor-field-group elementor-column elementor-field-group-name elementor-col-50 elementor-field-required elementor-mark-required\">\n\t\t\t\t\t\t\t\t\t\t\t\t<label for=\"form-field-name\" class=\"elementor-field-label\">\n\t\t\t\t\t\t\t\tNome\t\t\t\t\t\t\t<\/label>\n\t\t\t\t\t\t\t\t\t\t\t\t\t\t<input size=\"1\" type=\"text\" name=\"form_fields[name]\" id=\"form-field-name\" class=\"elementor-field elementor-size-xs  elementor-field-textual\" required=\"required\">\n\t\t\t\t\t\t\t\t\t\t\t<\/div>\n\t\t\t\t\t\t\t\t<div class=\"elementor-field-type-email elementor-field-group elementor-column elementor-field-group-email elementor-col-50 elementor-field-required elementor-mark-required\">\n\t\t\t\t\t\t\t\t\t\t\t\t<label for=\"form-field-email\" class=\"elementor-field-label\">\n\t\t\t\t\t\t\t\tE-mail\t\t\t\t\t\t\t<\/label>\n\t\t\t\t\t\t\t\t\t\t\t\t\t\t<input size=\"1\" type=\"email\" name=\"form_fields[email]\" id=\"form-field-email\" class=\"elementor-field elementor-size-xs  elementor-field-textual\" required=\"required\">\n\t\t\t\t\t\t\t\t\t\t\t<\/div>\n\t\t\t\t\t\t\t\t<div class=\"elementor-field-type-textarea elementor-field-group elementor-column elementor-field-group-message elementor-col-100 elementor-field-required elementor-mark-required\">\n\t\t\t\t\t\t\t\t\t\t\t\t<label for=\"form-field-message\" class=\"elementor-field-label\">\n\t\t\t\t\t\t\t\tConsulta\t\t\t\t\t\t\t<\/label>\n\t\t\t\t\t\t<textarea class=\"elementor-field-textual elementor-field  elementor-size-xs\" name=\"form_fields[message]\" id=\"form-field-message\" rows=\"6\" required=\"required\"><\/textarea>\t\t\t\t<\/div>\n\t\t\t\t\t\t\t\t<div class=\"elementor-field-group elementor-column elementor-field-type-submit elementor-col-100 e-form__buttons\">\n\t\t\t\t\t<button class=\"elementor-button elementor-size-md\" type=\"submit\">\n\t\t\t\t\t\t<span class=\"elementor-button-content-wrapper\">\n\t\t\t\t\t\t\t\t\t\t\t\t\t\t\t\t\t\t\t\t\t\t<span class=\"elementor-button-text\">ENVIAR<\/span>\n\t\t\t\t\t\t\t\t\t\t\t\t\t<\/span>\n\t\t\t\t\t<\/button>\n\t\t\t\t<\/div>\n\t\t\t<\/div>\n\t\t<\/form>\n\t\t\t\t\t\t<\/div>\n\t\t\t\t\t<\/div>\n\t\t<\/div>\n\t\t\t\t\t<\/div>\n\t\t<\/section>\n\t\t\t\t<section class=\"elementor-section elementor-top-section elementor-element elementor-element-6d1ab26 elementor-section-boxed elementor-section-height-default elementor-section-height-default\" data-id=\"6d1ab26\" data-element_type=\"section\">\n\t\t\t\t\t\t<div class=\"elementor-container elementor-column-gap-default\">\n\t\t\t\t\t<div class=\"elementor-column elementor-col-100 elementor-top-column elementor-element elementor-element-17a3468\" data-id=\"17a3468\" data-element_type=\"column\">\n\t\t\t<div class=\"elementor-widget-wrap elementor-element-populated\">\n\t\t\t\t\t\t<div class=\"elementor-element elementor-element-9b3549c elementor-widget elementor-widget-text-editor\" data-id=\"9b3549c\" data-element_type=\"widget\" data-widget_type=\"text-editor.default\">\n\t\t\t\t\t\t\t\t\t<p><em><a href=\"https:\/\/palicachem.com\/odorant-selection-use\/\">Sele\u00e7\u00e3o e uso de odorantes<\/a><\/em><\/p>\t\t\t\t\t\t\t\t<\/div>\n\t\t\t\t\t<\/div>\n\t\t<\/div>\n\t\t\t\t\t<\/div>\n\t\t<\/section>\n\t\t\t\t<section class=\"elementor-section elementor-top-section elementor-element elementor-element-c109595 elementor-section-content-middle elementor-section-boxed elementor-section-height-default elementor-section-height-default\" data-id=\"c109595\" data-element_type=\"section\" data-settings=\"{&quot;background_background&quot;:&quot;classic&quot;}\">\n\t\t\t\t\t\t<div class=\"elementor-container elementor-column-gap-no\">\n\t\t\t\t\t<div class=\"elementor-column elementor-col-50 elementor-top-column elementor-element elementor-element-adf12e6\" data-id=\"adf12e6\" data-element_type=\"column\">\n\t\t\t<div class=\"elementor-widget-wrap elementor-element-populated\">\n\t\t\t\t\t\t<div class=\"elementor-element elementor-element-86dbcbd elementor-widget elementor-widget-heading\" data-id=\"86dbcbd\" data-element_type=\"widget\" data-widget_type=\"heading.default\">\n\t\t\t\t\t<h2 class=\"elementor-heading-title elementor-size-default\">Explore conhecimentos e percep\u00e7\u00f5es confi\u00e1veis<\/h2>\t\t\t\t<\/div>\n\t\t\t\t<div class=\"elementor-element elementor-element-1adfac6 elementor-widget elementor-widget-text-editor\" data-id=\"1adfac6\" data-element_type=\"widget\" data-widget_type=\"text-editor.default\">\n\t\t\t\t\t\t\t\t\t<p dir=\"auto\">Aprofunde-se com recursos confi\u00e1veis. Acesse a Wikipedia, uma fonte mundialmente reconhecida de informa\u00e7\u00f5es abertas e confi\u00e1veis, ou descubra dados qu\u00edmicos do PubChem, o maior banco de dados gratuito de qu\u00edmica do mundo. <\/p>\t\t\t\t\t\t\t\t<\/div>\n\t\t\t\t<section class=\"elementor-section elementor-inner-section elementor-element elementor-element-8eada62 elementor-section-boxed elementor-section-height-default elementor-section-height-default\" data-id=\"8eada62\" data-element_type=\"section\">\n\t\t\t\t\t\t<div class=\"elementor-container elementor-column-gap-default\">\n\t\t\t\t\t<div class=\"elementor-column elementor-col-50 elementor-inner-column elementor-element elementor-element-a793f06\" data-id=\"a793f06\" data-element_type=\"column\">\n\t\t\t<div class=\"elementor-widget-wrap elementor-element-populated\">\n\t\t\t\t\t\t<div class=\"elementor-element elementor-element-0901be4 elementor-align-justify elementor-mobile-align-left elementor-widget elementor-widget-button\" data-id=\"0901be4\" data-element_type=\"widget\" data-widget_type=\"button.default\">\n\t\t\t\t\t\t\t\t\t\t<a class=\"elementor-button elementor-button-link elementor-size-sm elementor-animation-grow\" href=\"https:\/\/en.wikipedia.org\/wiki\/Chain_transfer\" rel=\"nofollow noopener\" target=\"_blank\">\n\t\t\t\t\t\t<span class=\"elementor-button-content-wrapper\">\n\t\t\t\t\t\t\t\t\t<span class=\"elementor-button-text\">Ver na Wikip\u00e9dia<\/span>\n\t\t\t\t\t<\/span>\n\t\t\t\t\t<\/a>\n\t\t\t\t\t\t\t\t<\/div>\n\t\t\t\t\t<\/div>\n\t\t<\/div>\n\t\t\t\t<div class=\"elementor-column elementor-col-50 elementor-inner-column elementor-element elementor-element-2508391\" data-id=\"2508391\" data-element_type=\"column\">\n\t\t\t<div class=\"elementor-widget-wrap elementor-element-populated\">\n\t\t\t\t\t\t<div class=\"elementor-element elementor-element-2fce1c0 elementor-align-justify elementor-mobile-align-left elementor-widget elementor-widget-button\" data-id=\"2fce1c0\" data-element_type=\"widget\" data-widget_type=\"button.default\">\n\t\t\t\t\t\t\t\t\t\t<a class=\"elementor-button elementor-button-link elementor-size-sm elementor-animation-grow\" href=\"https:\/\/pubchem.ncbi.nlm.nih.gov\/compound\/32793\" rel=\"nofollow noopener\" target=\"_blank\">\n\t\t\t\t\t\t<span class=\"elementor-button-content-wrapper\">\n\t\t\t\t\t\t\t\t\t<span class=\"elementor-button-text\">Explore o PubChem<\/span>\n\t\t\t\t\t<\/span>\n\t\t\t\t\t<\/a>\n\t\t\t\t\t\t\t\t<\/div>\n\t\t\t\t\t<\/div>\n\t\t<\/div>\n\t\t\t\t\t<\/div>\n\t\t<\/section>\n\t\t\t\t\t<\/div>\n\t\t<\/div>\n\t\t\t\t<div class=\"elementor-column elementor-col-50 elementor-top-column elementor-element elementor-element-6ecb90c\" data-id=\"6ecb90c\" data-element_type=\"column\">\n\t\t\t<div class=\"elementor-widget-wrap\">\n\t\t\t\t\t\t\t<\/div>\n\t\t<\/div>\n\t\t\t\t\t<\/div>\n\t\t<\/section>\n\t\t\t\t<\/div>\n\t\t","protected":false},"excerpt":{"rendered":"<p>Dodecil mercaptano terci\u00e1rio (TDM) CAS 25103-58-6 L\u00edquido incolor O terci\u00e1rio dodecil mercaptano (TDM), tamb\u00e9m conhecido como terc-dodecil mercaptano, \u00e9 um agente de transfer\u00eancia de cadeia de alta pureza essencial para otimizar a qualidade do pol\u00edmero. Como fabricante principal, fornecemos TDM para o controle preciso do peso molecular na polimeriza\u00e7\u00e3o em emuls\u00e3o. O TDM \u00e9 amplamente&#8230;<\/p>\n","protected":false},"author":1,"featured_media":0,"parent":0,"menu_order":0,"comment_status":"closed","ping_status":"closed","template":"","meta":{"_acf_changed":false,"_kadence_starter_templates_imported_post":false,"_kad_post_transparent":"","_kad_post_title":"","_kad_post_layout":"","_kad_post_sidebar_id":"","_kad_post_content_style":"","_kad_post_vertical_padding":"","_kad_post_feature":"","_kad_post_feature_position":"","_kad_post_header":false,"_kad_post_footer":false,"footnotes":""},"class_list":["post-4492","page","type-page","status-publish","hentry"],"acf":[],"_links":{"self":[{"href":"https:\/\/palicachem.com\/pt-br\/wp-json\/wp\/v2\/pages\/4492","targetHints":{"allow":["GET"]}}],"collection":[{"href":"https:\/\/palicachem.com\/pt-br\/wp-json\/wp\/v2\/pages"}],"about":[{"href":"https:\/\/palicachem.com\/pt-br\/wp-json\/wp\/v2\/types\/page"}],"author":[{"embeddable":true,"href":"https:\/\/palicachem.com\/pt-br\/wp-json\/wp\/v2\/users\/1"}],"replies":[{"embeddable":true,"href":"https:\/\/palicachem.com\/pt-br\/wp-json\/wp\/v2\/comments?post=4492"}],"version-history":[{"count":4,"href":"https:\/\/palicachem.com\/pt-br\/wp-json\/wp\/v2\/pages\/4492\/revisions"}],"predecessor-version":[{"id":8052,"href":"https:\/\/palicachem.com\/pt-br\/wp-json\/wp\/v2\/pages\/4492\/revisions\/8052"}],"wp:attachment":[{"href":"https:\/\/palicachem.com\/pt-br\/wp-json\/wp\/v2\/media?parent=4492"}],"curies":[{"name":"wp","href":"https:\/\/api.w.org\/{rel}","templated":true}]}}