{"id":8339,"date":"2025-10-20T07:54:43","date_gmt":"2025-10-20T07:54:43","guid":{"rendered":"https:\/\/palicachem.com\/derivados-de-8-hidroxiquinolina-solucoes-biocidas-de-amplo-espectro-e-de-estabilizacao-de-formulacoes\/"},"modified":"2025-12-30T06:13:10","modified_gmt":"2025-12-30T06:13:10","slug":"derivados-de-8-hidroxiquinolina-solucoes-biocidas-de-amplo-espectro-e-de-estabilizacao-de-formulacoes","status":"publish","type":"page","link":"https:\/\/palicachem.com\/pt-br\/derivados-de-8-hidroxiquinolina-solucoes-biocidas-de-amplo-espectro-e-de-estabilizacao-de-formulacoes\/","title":{"rendered":"Derivados de 8-Hidroxiquinolina \u2014 Solu\u00e7\u00f5es Biocidas de Amplo Espectro e de Estabiliza\u00e7\u00e3o de Formula\u00e7\u00f5es"},"content":{"rendered":"\t\t<div data-elementor-type=\"wp-page\" data-elementor-id=\"8339\" class=\"elementor elementor-8339 elementor-8189\" data-elementor-post-type=\"page\">\n\t\t\t\t\t\t<section class=\"elementor-section elementor-top-section elementor-element elementor-element-06c4c5c elementor-section-full_width elementor-section-height-min-height elementor-section-items-stretch elementor-section-height-default\" data-id=\"06c4c5c\" data-element_type=\"section\" data-settings=\"{&quot;background_background&quot;:&quot;classic&quot;}\">\n\t\t\t\t\t\t\t<div class=\"elementor-background-overlay\"><\/div>\n\t\t\t\t\t\t\t<div class=\"elementor-container elementor-column-gap-no\">\n\t\t\t\t\t<div class=\"elementor-column elementor-col-100 elementor-top-column elementor-element elementor-element-4b5484c\" data-id=\"4b5484c\" data-element_type=\"column\">\n\t\t\t<div class=\"elementor-widget-wrap elementor-element-populated\">\n\t\t\t\t\t\t<div class=\"elementor-element elementor-element-57b16a3 elementor-widget elementor-widget-heading\" data-id=\"57b16a3\" data-element_type=\"widget\" data-widget_type=\"heading.default\">\n\t\t\t\t\t<h1 class=\"elementor-heading-title elementor-size-default\">Solu\u00e7\u00f5es Biocidas de Amplo Espectro e de Estabiliza\u00e7\u00e3o de Formula\u00e7\u00f5es<\/h1>\t\t\t\t<\/div>\n\t\t\t\t<div class=\"elementor-element elementor-element-0f8a342 elementor-widget elementor-widget-heading\" data-id=\"0f8a342\" data-element_type=\"widget\" data-widget_type=\"heading.default\">\n\t\t\t\t\t<h3 class=\"elementor-heading-title elementor-size-default\">Ind\u00fastrias &amp; Solu\u00e7\u00f5es &gt; Derivados de 8-Hidroxiquinolina<\/h3>\t\t\t\t<\/div>\n\t\t\t\t\t<\/div>\n\t\t<\/div>\n\t\t\t\t\t<\/div>\n\t\t<\/section>\n\t\t\t\t<section class=\"elementor-section elementor-top-section elementor-element elementor-element-3464930 elementor-section-content-middle elementor-section-boxed elementor-section-height-default elementor-section-height-default\" data-id=\"3464930\" data-element_type=\"section\">\n\t\t\t\t\t\t<div class=\"elementor-container elementor-column-gap-no\">\n\t\t\t\t\t<div class=\"elementor-column elementor-col-50 elementor-top-column elementor-element elementor-element-3c8da4b\" data-id=\"3c8da4b\" data-element_type=\"column\">\n\t\t\t<div class=\"elementor-widget-wrap elementor-element-populated\">\n\t\t\t\t\t\t<div class=\"elementor-element elementor-element-0d06aa0 elementor-widget__width-initial elementor-widget elementor-widget-text-editor\" data-id=\"0d06aa0\" data-element_type=\"widget\" data-widget_type=\"text-editor.default\">\n\t\t\t\t\t\t\t\t\t<p>A 8-Hidroxiquinolina (8-HQ) \u00e9 uma mol\u00e9cula central conhecida por suas capacidades excepcionais de quelata\u00e7\u00e3o e potente atividade biol\u00f3gica. Seus derivados, como os sais de sulfato e cobre, s\u00e3o pilares para aplica\u00e7\u00f5es de alto valor nos setores industrial, agr\u00edcola e farmac\u00eautico. Esse valor decorre de sua funcionalidade dupla \u00fanica: propriedades antimicrobianas, fungicidas e antif\u00fangicas poderosas e de amplo espectro, e habilidade indispens\u00e1vel de complexa\u00e7\u00e3o (quelata\u00e7\u00e3o) para diversos \u00edons met\u00e1licos.  <\/p><p>A linha de produtos de 8-Hidroxiquinolina da Palica Chem \u00e9 projetada especificamente para clientes que necessitam de controle microbiano preciso e estabilidade superior em formula\u00e7\u00f5es exigentes.<\/p>\t\t\t\t\t\t\t\t<\/div>\n\t\t\t\t\t<\/div>\n\t\t<\/div>\n\t\t\t\t<div class=\"elementor-column elementor-col-50 elementor-top-column elementor-element elementor-element-1160ca4\" data-id=\"1160ca4\" data-element_type=\"column\">\n\t\t\t<div class=\"elementor-widget-wrap elementor-element-populated\">\n\t\t\t\t\t\t<div class=\"elementor-element elementor-element-639c6d1 elementor-widget elementor-widget-image\" data-id=\"639c6d1\" data-element_type=\"widget\" data-widget_type=\"image.default\">\n\t\t\t\t\t\t\t\t\t\t\t\t\t\t\t<img fetchpriority=\"high\" decoding=\"async\" width=\"250\" height=\"290\" src=\"https:\/\/palicachem.com\/wp-content\/uploads\/2025\/10\/8-Hydroxyquinoline.png\" class=\"attachment-large size-large wp-image-8276\" alt=\"\" srcset=\"https:\/\/palicachem.com\/wp-content\/uploads\/2025\/10\/8-Hydroxyquinoline.png 250w, https:\/\/palicachem.com\/wp-content\/uploads\/2025\/10\/8-Hydroxyquinoline-100x116.png 100w\" sizes=\"(max-width: 250px) 100vw, 250px\" \/>\t\t\t\t\t\t\t\t\t\t\t\t\t\t\t<\/div>\n\t\t\t\t<div class=\"elementor-element elementor-element-6928a3c elementor-widget elementor-widget-heading\" data-id=\"6928a3c\" data-element_type=\"widget\" data-widget_type=\"heading.default\">\n\t\t\t\t\t<h3 class=\"elementor-heading-title elementor-size-default\"><a href=\"https:\/\/palicachem.com\/8-hydroxyquinoline\/\" target=\"_blank\">8-Hidroxiquinolina<\/a><\/h3>\t\t\t\t<\/div>\n\t\t\t\t\t<\/div>\n\t\t<\/div>\n\t\t\t\t\t<\/div>\n\t\t<\/section>\n\t\t\t\t<section class=\"elementor-section elementor-top-section elementor-element elementor-element-6b5c8a0a elementor-section-content-middle elementor-section-boxed elementor-section-height-default elementor-section-height-default\" data-id=\"6b5c8a0a\" data-element_type=\"section\">\n\t\t\t\t\t\t<div class=\"elementor-container elementor-column-gap-no\">\n\t\t\t\t\t<div class=\"elementor-column elementor-col-100 elementor-top-column elementor-element elementor-element-fcc6cdf\" data-id=\"fcc6cdf\" data-element_type=\"column\">\n\t\t\t<div class=\"elementor-widget-wrap elementor-element-populated\">\n\t\t\t\t\t\t<div class=\"elementor-element elementor-element-58e0c61c elementor-widget elementor-widget-heading\" data-id=\"58e0c61c\" data-element_type=\"widget\" data-widget_type=\"heading.default\">\n\t\t\t\t\t<h4 class=\"elementor-heading-title elementor-size-default\">Produtos em Destaque<\/h4>\t\t\t\t<\/div>\n\t\t\t\t<section class=\"elementor-section elementor-inner-section elementor-element elementor-element-1c3a4aac elementor-section-content-middle elementor-section-boxed elementor-section-height-default elementor-section-height-default\" data-id=\"1c3a4aac\" data-element_type=\"section\">\n\t\t\t\t\t\t<div class=\"elementor-container elementor-column-gap-no\">\n\t\t\t\t\t<div class=\"elementor-column elementor-col-50 elementor-inner-column elementor-element elementor-element-35f19429\" data-id=\"35f19429\" data-element_type=\"column\">\n\t\t\t<div class=\"elementor-widget-wrap elementor-element-populated\">\n\t\t\t\t\t\t<div class=\"elementor-element elementor-element-5907c051 elementor-widget elementor-widget-heading\" data-id=\"5907c051\" data-element_type=\"widget\" data-widget_type=\"heading.default\">\n\t\t\t\t\t<h3 class=\"elementor-heading-title elementor-size-default\"><a href=\"https:\/\/palicachem.com\/chemicals\/8-hydroxyquinoline-sulfate\/\" target=\"_blank\">Sulfato de 8-hidroxiquinolina<\/a><\/h3>\t\t\t\t<\/div>\n\t\t\t\t<div class=\"elementor-element elementor-element-5b7134d elementor-widget elementor-widget-text-editor\" data-id=\"5b7134d\" data-element_type=\"widget\" data-widget_type=\"text-editor.default\">\n\t\t\t\t\t\t\t\t\t<p>(CAS: 134-31-6)<\/p>\t\t\t\t\t\t\t\t<\/div>\n\t\t\t\t<div class=\"elementor-element elementor-element-903ed22 elementor-widget elementor-widget-image\" data-id=\"903ed22\" data-element_type=\"widget\" data-widget_type=\"image.default\">\n\t\t\t\t\t\t\t\t\t\t\t\t\t\t\t<img decoding=\"async\" width=\"426\" height=\"230\" src=\"https:\/\/palicachem.com\/wp-content\/uploads\/2025\/10\/8-hydroxyquinoline-sulfate-1.png\" class=\"attachment-medium_large size-medium_large wp-image-8294\" alt=\"\" srcset=\"https:\/\/palicachem.com\/wp-content\/uploads\/2025\/10\/8-hydroxyquinoline-sulfate-1.png 426w, https:\/\/palicachem.com\/wp-content\/uploads\/2025\/10\/8-hydroxyquinoline-sulfate-1-300x162.png 300w, https:\/\/palicachem.com\/wp-content\/uploads\/2025\/10\/8-hydroxyquinoline-sulfate-1-100x54.png 100w\" sizes=\"(max-width: 426px) 100vw, 426px\" \/>\t\t\t\t\t\t\t\t\t\t\t\t\t\t\t<\/div>\n\t\t\t\t<div class=\"elementor-element elementor-element-2538cf6b elementor-widget elementor-widget-text-editor\" data-id=\"2538cf6b\" data-element_type=\"widget\" data-widget_type=\"text-editor.default\">\n\t\t\t\t\t\t\t\t\t<p>Excelente solubilidade em \u00e1gua, potente atividade antibacteriana e antif\u00fangica de amplo espectro; quela\u00e7\u00e3o eficaz de metais para estabilizar f\u00f3rmulas sens\u00edveis (por exemplo, per\u00f3xidos); uso externo como antiss\u00e9ptico.<\/p>\t\t\t\t\t\t\t\t<\/div>\n\t\t\t\t\t<\/div>\n\t\t<\/div>\n\t\t\t\t<div class=\"elementor-column elementor-col-50 elementor-inner-column elementor-element elementor-element-5f2d8c1b\" data-id=\"5f2d8c1b\" data-element_type=\"column\">\n\t\t\t<div class=\"elementor-widget-wrap elementor-element-populated\">\n\t\t\t\t\t\t<div class=\"elementor-element elementor-element-353aab42 elementor-widget elementor-widget-heading\" data-id=\"353aab42\" data-element_type=\"widget\" data-widget_type=\"heading.default\">\n\t\t\t\t\t<h3 class=\"elementor-heading-title elementor-size-default\"><a href=\"https:\/\/palicachem.com\/copper-8-hydroxyquinolineoxine-copper\/\" target=\"_blank\">8-Hidroxiquinolina de cobre (Oxina-Cobre)<\/a><\/h3>\t\t\t\t<\/div>\n\t\t\t\t<div class=\"elementor-element elementor-element-95fd49d elementor-widget elementor-widget-text-editor\" data-id=\"95fd49d\" data-element_type=\"widget\" data-widget_type=\"text-editor.default\">\n\t\t\t\t\t\t\t\t\t<p>(CAS: 10380-28-6)<\/p>\t\t\t\t\t\t\t\t<\/div>\n\t\t\t\t<div class=\"elementor-element elementor-element-f725813 elementor-widget elementor-widget-image\" data-id=\"f725813\" data-element_type=\"widget\" data-widget_type=\"image.default\">\n\t\t\t\t\t\t\t\t\t\t\t\t\t\t\t<img decoding=\"async\" width=\"426\" height=\"230\" src=\"https:\/\/palicachem.com\/wp-content\/uploads\/2025\/10\/copper-8-hydroxyquinoline-1.png\" class=\"attachment-medium_large size-medium_large wp-image-8303\" alt=\"\" srcset=\"https:\/\/palicachem.com\/wp-content\/uploads\/2025\/10\/copper-8-hydroxyquinoline-1.png 426w, https:\/\/palicachem.com\/wp-content\/uploads\/2025\/10\/copper-8-hydroxyquinoline-1-300x162.png 300w, https:\/\/palicachem.com\/wp-content\/uploads\/2025\/10\/copper-8-hydroxyquinoline-1-100x54.png 100w\" sizes=\"(max-width: 426px) 100vw, 426px\" \/>\t\t\t\t\t\t\t\t\t\t\t\t\t\t\t<\/div>\n\t\t\t\t<div class=\"elementor-element elementor-element-13310e27 elementor-widget elementor-widget-text-editor\" data-id=\"13310e27\" data-element_type=\"widget\" data-widget_type=\"text-editor.default\">\n\t\t\t\t\t\t\t\t\t<p>Superior lipophilicity and durability; functions as a non-leaching biocide with exceptional inhibition against industrial microbes and mold; widely used for wood, leather, and canvas protection.<\/p>\t\t\t\t\t\t\t\t<\/div>\n\t\t\t\t\t<\/div>\n\t\t<\/div>\n\t\t\t\t\t<\/div>\n\t\t<\/section>\n\t\t\t\t\t<\/div>\n\t\t<\/div>\n\t\t\t\t\t<\/div>\n\t\t<\/section>\n\t\t\t\t<section class=\"elementor-section elementor-top-section elementor-element elementor-element-e07a801 elementor-section-content-middle elementor-hidden-desktop elementor-hidden-tablet elementor-hidden-mobile elementor-section-boxed elementor-section-height-default elementor-section-height-default\" data-id=\"e07a801\" data-element_type=\"section\">\n\t\t\t\t\t\t<div class=\"elementor-container elementor-column-gap-no\">\n\t\t\t\t\t<div class=\"elementor-column elementor-col-100 elementor-top-column elementor-element elementor-element-af96f95\" data-id=\"af96f95\" data-element_type=\"column\">\n\t\t\t<div class=\"elementor-widget-wrap elementor-element-populated\">\n\t\t\t\t\t\t<section class=\"elementor-section elementor-inner-section elementor-element elementor-element-c80c067 elementor-section-boxed elementor-section-height-default elementor-section-height-default\" data-id=\"c80c067\" data-element_type=\"section\">\n\t\t\t\t\t\t<div class=\"elementor-container elementor-column-gap-default\">\n\t\t\t\t\t<div class=\"elementor-column elementor-col-50 elementor-inner-column elementor-element elementor-element-7db22ca\" data-id=\"7db22ca\" data-element_type=\"column\">\n\t\t\t<div class=\"elementor-widget-wrap elementor-element-populated\">\n\t\t\t\t\t\t<div class=\"elementor-element elementor-element-f67edd6 elementor-widget__width-initial elementor-widget elementor-widget-text-editor\" data-id=\"f67edd6\" data-element_type=\"widget\" data-widget_type=\"text-editor.default\">\n\t\t\t\t\t\t\t\t\t<p>Oxine-Cobre \u00e9 um fungicida e agente antif\u00fangico altamente eficaz e n\u00e3o lixivi\u00e1vel. Este p\u00f3 cristalino amarelo-esverdeado \u00e9 valorizado por sua insolubilidade em \u00e1gua e durabilidade superior. \u00c9 a solu\u00e7\u00e3o ideal para a prote\u00e7\u00e3o de longo prazo de t\u00eaxteis, madeira, tintas e cordas contra a degrada\u00e7\u00e3o microbiana.  <\/p>\t\t\t\t\t\t\t\t<\/div>\n\t\t\t\t<div class=\"elementor-element elementor-element-0d86c7a elementor-align-right elementor-widget elementor-widget-button\" data-id=\"0d86c7a\" data-element_type=\"widget\" data-widget_type=\"button.default\">\n\t\t\t\t\t\t\t\t\t\t<a class=\"elementor-button elementor-button-link elementor-size-sm\" href=\"https:\/\/palicachem.com\/pt-br\/chemicals\/sulfato-de-8-hidroxiquinolina\/\" target=\"_blank\">\n\t\t\t\t\t\t<span class=\"elementor-button-content-wrapper\">\n\t\t\t\t\t\t\t\t\t<span class=\"elementor-button-text\">Mais Detalhes<\/span>\n\t\t\t\t\t<\/span>\n\t\t\t\t\t<\/a>\n\t\t\t\t\t\t\t\t<\/div>\n\t\t\t\t\t<\/div>\n\t\t<\/div>\n\t\t\t\t<div class=\"elementor-column elementor-col-50 elementor-inner-column elementor-element elementor-element-71b208b\" data-id=\"71b208b\" data-element_type=\"column\">\n\t\t\t<div class=\"elementor-widget-wrap elementor-element-populated\">\n\t\t\t\t\t\t<div class=\"elementor-element elementor-element-d8ee0ce elementor-widget elementor-widget-heading\" data-id=\"d8ee0ce\" data-element_type=\"widget\" data-widget_type=\"heading.default\">\n\t\t\t\t\t<h2 class=\"elementor-heading-title elementor-size-default\">Sulfato de 8-hidroxiquinolina<\/h2>\t\t\t\t<\/div>\n\t\t\t\t<div class=\"elementor-element elementor-element-af6b21d elementor-widget__width-initial elementor-widget elementor-widget-text-editor\" data-id=\"af6b21d\" data-element_type=\"widget\" data-widget_type=\"text-editor.default\">\n\t\t\t\t\t\t\t\t\tQuinosol \u00e9 um antiss\u00e9ptico altamente eficaz e fungicida sist\u00eamico. \u00c9 um derivado vers\u00e1til da quinolina, conhecido por suas excepcionais capacidades de quelata\u00e7\u00e3o de metais. Este p\u00f3 cristalino amarelo-claro \u00e9 amplamente utilizado como desinfetante e conservante em diversas aplica\u00e7\u00f5es farmac\u00eauticas e agr\u00edcolas, garantindo a estabilidade do produto e o controle microbiano.  \t\t\t\t\t\t\t\t<\/div>\n\t\t\t\t<div class=\"elementor-element elementor-element-64214ed elementor-align-right elementor-widget elementor-widget-button\" data-id=\"64214ed\" data-element_type=\"widget\" data-widget_type=\"button.default\">\n\t\t\t\t\t\t\t\t\t\t<a class=\"elementor-button elementor-button-link elementor-size-sm\" href=\"https:\/\/palicachem.com\/pt-br\/parileno-n\/\" target=\"_blank\">\n\t\t\t\t\t\t<span class=\"elementor-button-content-wrapper\">\n\t\t\t\t\t\t\t\t\t<span class=\"elementor-button-text\">Mais Detalhes<\/span>\n\t\t\t\t\t<\/span>\n\t\t\t\t\t<\/a>\n\t\t\t\t\t\t\t\t<\/div>\n\t\t\t\t\t<\/div>\n\t\t<\/div>\n\t\t\t\t\t<\/div>\n\t\t<\/section>\n\t\t\t\t\t<\/div>\n\t\t<\/div>\n\t\t\t\t\t<\/div>\n\t\t<\/section>\n\t\t\t\t<section class=\"elementor-section elementor-top-section elementor-element elementor-element-8e7cf60 elementor-section-content-middle elementor-hidden-desktop elementor-hidden-tablet elementor-hidden-mobile elementor-section-boxed elementor-section-height-default elementor-section-height-default\" data-id=\"8e7cf60\" data-element_type=\"section\">\n\t\t\t\t\t\t<div class=\"elementor-container elementor-column-gap-no\">\n\t\t\t\t\t<div class=\"elementor-column elementor-col-100 elementor-top-column elementor-element elementor-element-7fb4232\" data-id=\"7fb4232\" data-element_type=\"column\">\n\t\t\t<div class=\"elementor-widget-wrap elementor-element-populated\">\n\t\t\t\t\t\t<section class=\"elementor-section elementor-inner-section elementor-element elementor-element-a8eb2bb elementor-section-boxed elementor-section-height-default elementor-section-height-default\" data-id=\"a8eb2bb\" data-element_type=\"section\">\n\t\t\t\t\t\t<div class=\"elementor-container elementor-column-gap-default\">\n\t\t\t\t\t<div class=\"elementor-column elementor-col-50 elementor-inner-column elementor-element elementor-element-f1bfe11\" data-id=\"f1bfe11\" data-element_type=\"column\">\n\t\t\t<div class=\"elementor-widget-wrap\">\n\t\t\t\t\t\t\t<\/div>\n\t\t<\/div>\n\t\t\t\t<div class=\"elementor-column elementor-col-50 elementor-inner-column elementor-element elementor-element-baa80e9\" data-id=\"baa80e9\" data-element_type=\"column\">\n\t\t\t<div class=\"elementor-widget-wrap elementor-element-populated\">\n\t\t\t\t\t\t<div class=\"elementor-element elementor-element-49ebff5 elementor-widget__width-initial elementor-widget elementor-widget-text-editor\" data-id=\"49ebff5\" data-element_type=\"widget\" data-widget_type=\"text-editor.default\">\n\t\t\t\t\t\t\t\t\t<p>Prote\u00e7\u00e3o Industrial de Longa Dura\u00e7\u00e3o contra Mofo<\/p>\t\t\t\t\t\t\t\t<\/div>\n\t\t\t\t\t<\/div>\n\t\t<\/div>\n\t\t\t\t\t<\/div>\n\t\t<\/section>\n\t\t\t\t\t<\/div>\n\t\t<\/div>\n\t\t\t\t\t<\/div>\n\t\t<\/section>\n\t\t\t\t<section class=\"elementor-section elementor-top-section elementor-element elementor-element-2cd00b7 elementor-section-content-middle elementor-hidden-desktop elementor-hidden-tablet elementor-hidden-mobile elementor-section-boxed elementor-section-height-default elementor-section-height-default\" data-id=\"2cd00b7\" data-element_type=\"section\">\n\t\t\t\t\t\t<div class=\"elementor-container elementor-column-gap-no\">\n\t\t\t\t\t<div class=\"elementor-column elementor-col-100 elementor-top-column elementor-element elementor-element-9350735\" data-id=\"9350735\" data-element_type=\"column\">\n\t\t\t<div class=\"elementor-widget-wrap elementor-element-populated\">\n\t\t\t\t\t\t<section class=\"elementor-section elementor-inner-section elementor-element elementor-element-cbb170e elementor-section-boxed elementor-section-height-default elementor-section-height-default\" data-id=\"cbb170e\" data-element_type=\"section\">\n\t\t\t\t\t\t<div class=\"elementor-container elementor-column-gap-default\">\n\t\t\t\t\t<div class=\"elementor-column elementor-col-50 elementor-inner-column elementor-element elementor-element-8bce33a\" data-id=\"8bce33a\" data-element_type=\"column\">\n\t\t\t<div class=\"elementor-widget-wrap elementor-element-populated\">\n\t\t\t\t\t\t<div class=\"elementor-element elementor-element-0576ba8 elementor-widget elementor-widget-heading\" data-id=\"0576ba8\" data-element_type=\"widget\" data-widget_type=\"heading.default\">\n\t\t\t\t\t<h2 class=\"elementor-heading-title elementor-size-default\">Sulfato de 8-hidroxiquinolina<\/h2>\t\t\t\t<\/div>\n\t\t\t\t\t<\/div>\n\t\t<\/div>\n\t\t\t\t<div class=\"elementor-column elementor-col-50 elementor-inner-column elementor-element elementor-element-f012c0f\" data-id=\"f012c0f\" data-element_type=\"column\">\n\t\t\t<div class=\"elementor-widget-wrap elementor-element-populated\">\n\t\t\t\t\t\t<div class=\"elementor-element elementor-element-04dbb1e elementor-widget__width-initial elementor-widget elementor-widget-text-editor\" data-id=\"04dbb1e\" data-element_type=\"widget\" data-widget_type=\"text-editor.default\">\n\t\t\t\t\t\t\t\t\t<p>Agente Antiss\u00e9ptico e Quelante Altamente Sol\u00favel<\/p>\t\t\t\t\t\t\t\t<\/div>\n\t\t\t\t\t<\/div>\n\t\t<\/div>\n\t\t\t\t\t<\/div>\n\t\t<\/section>\n\t\t\t\t\t<\/div>\n\t\t<\/div>\n\t\t\t\t\t<\/div>\n\t\t<\/section>\n\t\t\t\t<\/div>\n\t\t","protected":false},"excerpt":{"rendered":"<p>Solu\u00e7\u00f5es Biocidas de Amplo Espectro e de Estabiliza\u00e7\u00e3o de Formula\u00e7\u00f5es Ind\u00fastrias &amp; Solu\u00e7\u00f5es &gt; Derivados de 8-Hidroxiquinolina A 8-Hidroxiquinolina (8-HQ) \u00e9 uma mol\u00e9cula central conhecida por suas capacidades excepcionais de quelata\u00e7\u00e3o e potente atividade biol\u00f3gica. Seus derivados, como os sais de sulfato e cobre, s\u00e3o pilares para aplica\u00e7\u00f5es de alto valor nos setores industrial, agr\u00edcola&#8230;<\/p>\n","protected":false},"author":1,"featured_media":0,"parent":0,"menu_order":0,"comment_status":"closed","ping_status":"closed","template":"","meta":{"_acf_changed":false,"_kadence_starter_templates_imported_post":false,"_kad_post_transparent":"","_kad_post_title":"","_kad_post_layout":"","_kad_post_sidebar_id":"","_kad_post_content_style":"","_kad_post_vertical_padding":"","_kad_post_feature":"","_kad_post_feature_position":"","_kad_post_header":false,"_kad_post_footer":false,"footnotes":""},"class_list":["post-8339","page","type-page","status-publish","hentry"],"acf":[],"_links":{"self":[{"href":"https:\/\/palicachem.com\/pt-br\/wp-json\/wp\/v2\/pages\/8339","targetHints":{"allow":["GET"]}}],"collection":[{"href":"https:\/\/palicachem.com\/pt-br\/wp-json\/wp\/v2\/pages"}],"about":[{"href":"https:\/\/palicachem.com\/pt-br\/wp-json\/wp\/v2\/types\/page"}],"author":[{"embeddable":true,"href":"https:\/\/palicachem.com\/pt-br\/wp-json\/wp\/v2\/users\/1"}],"replies":[{"embeddable":true,"href":"https:\/\/palicachem.com\/pt-br\/wp-json\/wp\/v2\/comments?post=8339"}],"version-history":[{"count":3,"href":"https:\/\/palicachem.com\/pt-br\/wp-json\/wp\/v2\/pages\/8339\/revisions"}],"predecessor-version":[{"id":8749,"href":"https:\/\/palicachem.com\/pt-br\/wp-json\/wp\/v2\/pages\/8339\/revisions\/8749"}],"wp:attachment":[{"href":"https:\/\/palicachem.com\/pt-br\/wp-json\/wp\/v2\/media?parent=8339"}],"curies":[{"name":"wp","href":"https:\/\/api.w.org\/{rel}","templated":true}]}}